{"id":27665,"date":"2025-04-28T19:53:38","date_gmt":"2025-04-28T17:53:38","guid":{"rendered":"https:\/\/www.juescha.de\/shop\/unkategorisiert\/laptoptasche-surprise\/"},"modified":"2026-01-21T08:48:32","modified_gmt":"2026-01-21T07:48:32","slug":"laptoptasche-surprise","status":"publish","type":"product","link":"https:\/\/www.juescha.de\/de_de\/shop\/pride-and-soul\/laptoptasche-surprise\/","title":{"rendered":"Laptoptasche SURPRISE"},"content":{"rendered":"<h1>Laptoptasche SURPRISE <\/h1>\n<p>Verstellbarer, abnehmbarer Schultertrageriemen, zwei Tragegegriffe, Rei\u00dfverschlussfach auf der Vorder- und der R\u00fcckseite, Trolleyband, Rei\u00dfverschluss. Innen: Gro\u00dfes Hauptfach, gepolstertes Laptopfach, Rei\u00dfverschlussfach.<br \/>\nDie Laptoptasche Surprise in cognac von Pride and Soul ist eine stilvolle und robuste Tasche f\u00fcr den t\u00e4glichen Gebrauch. Die Tasche besteht aus hochwertigem, strapazierf\u00e4higem Leder, das eine angenehme Haptik und eine nat\u00fcrliche Patina aufweist. Die Tasche ist in der Farbe Cognac erh\u00e4ltlich und hat eine Gr\u00f6\u00dfe von ca. 30 x 38 x 16,5 cm. Die Tasche verf\u00fcgt \u00fcber ein ger\u00e4umiges Hauptfach, das ausreichend Platz f\u00fcr einen Laptop bis zu 15 Zoll bietet sowie f\u00fcr weitere Unterlagen und Accessoires. Im Inneren der Tasche gibt es zudem mehrere kleine F\u00e4cher f\u00fcr Kleinteile wie z.B. Kugelschreiber oder Visitenkarten.<br \/>\nDie Laptoptasche Surprise hat auch auf der R\u00fcckseite eine zus\u00e4tzliche Rei\u00dfverschlusstasche, die f\u00fcr schnellen Zugriff auf wichtige Dinge wie z.B. ein Smartphone oder einen Schl\u00fcsselbund gedacht ist.<br \/>\nDie Tasche kann bequem \u00fcber der Schulter oder mit dem abnehmbaren und verstellbaren Schultergurt getragen werden. Sie ist ein perfekter Begleiter f\u00fcr den t\u00e4glichen Gebrauch, sei es f\u00fcr die Arbeit oder f\u00fcr die Freizeit.<\/p>\n","protected":false},"excerpt":{"rendered":"<ul>\n<li>Echtes Leder in Cognac<\/li>\n<li>Gepolstertes Fach f\u00fcr 15&#8243;-Laptops<\/li>\n<li>Rei\u00dfverschlussf\u00e4cher vorne und hinten<\/li>\n<li>Tragegriffe &#038; abnehmbarer Schultergurt<\/li>\n<\/ul>\n","protected":false},"featured_media":10678,"template":"","meta":{"inline_featured_image":false},"product_brand":[],"product_cat":[1653],"product_tag":[],"class_list":{"0":"post-27665","1":"product","2":"type-product","3":"status-publish","4":"has-post-thumbnail","6":"product_cat-pride-and-soul","8":"first","9":"instock","10":"purchasable","11":"product-type-simple"},"_links":{"self":[{"href":"https:\/\/www.juescha.de\/de_de\/wp-json\/wp\/v2\/product\/27665","targetHints":{"allow":["GET"]}}],"collection":[{"href":"https:\/\/www.juescha.de\/de_de\/wp-json\/wp\/v2\/product"}],"about":[{"href":"https:\/\/www.juescha.de\/de_de\/wp-json\/wp\/v2\/types\/product"}],"version-history":[{"count":0,"href":"https:\/\/www.juescha.de\/de_de\/wp-json\/wp\/v2\/product\/27665\/revisions"}],"wp:featuredmedia":[{"embeddable":true,"href":"https:\/\/www.juescha.de\/de_de\/wp-json\/wp\/v2\/media\/10678"}],"wp:attachment":[{"href":"https:\/\/www.juescha.de\/de_de\/wp-json\/wp\/v2\/media?parent=27665"}],"wp:term":[{"taxonomy":"product_brand","embeddable":true,"href":"https:\/\/www.juescha.de\/de_de\/wp-json\/wp\/v2\/product_brand?post=27665"},{"taxonomy":"product_cat","embeddable":true,"href":"https:\/\/www.juescha.de\/de_de\/wp-json\/wp\/v2\/product_cat?post=27665"},{"taxonomy":"product_tag","embeddable":true,"href":"https:\/\/www.juescha.de\/de_de\/wp-json\/wp\/v2\/product_tag?post=27665"}],"curies":[{"name":"wp","href":"https:\/\/api.w.org\/{rel}","templated":true}]}}