{"id":27664,"date":"2025-04-28T19:53:38","date_gmt":"2025-04-28T17:53:38","guid":{"rendered":"https:\/\/www.juescha.de\/shop\/unkategorisiert\/clicksafe-boerse-14\/"},"modified":"2026-01-21T08:48:28","modified_gmt":"2026-01-21T07:48:28","slug":"clicksafe-boerse-14","status":"publish","type":"product","link":"https:\/\/www.juescha.de\/de_de\/shop\/clicksafe\/clicksafe-boerse-14\/","title":{"rendered":"Clicksafe B\u00f6rse"},"content":{"rendered":"<h1>Clicksafe B\u00f6rse<\/h1>\n<p>B\u00f6rse mit Aluminium Tresor f\u00fcr bis zu acht Karten, Click-Mechanismus, RFID Safe, M\u00fcnzfach, Scheinfach, zus\u00e4tzliches Kredit- oder Visitenkartenfach<br \/>\nDie Clicksafe B\u00f6rse in braun mit silbernen Tresor ist ein hochwertiges und praktisches Accessoire f\u00fcr den t\u00e4glichen Gebrauch. Hergestellt aus hochwertigem B\u00fcffel Leder in einer attraktiven braunen Farbe, ist diese B\u00f6rse sowohl langlebig als auch stilvoll. Die Clicksafe B\u00f6rse ist mit einem speziellen Klickverschluss ausgestattet, der Ihre Wertsachen sicher und gesch\u00fctzt h\u00e4lt. Der Verschluss ist leicht zu bedienen, aber dennoch robust genug, um Ihre Karten, Geldscheine und andere wichtige Dinge sicher aufzubewahren.<br \/>\nInnen bietet die B\u00f6rse ausreichend Platz f\u00fcr Ihre Karten, Geldscheine und M\u00fcnzen.<\/p>\n","protected":false},"excerpt":{"rendered":"<ul>\n<li>RFID-gesch\u00fctzter Aluminium-Tresor<\/li>\n<li>F\u00fcr bis zu 8 Karten<\/li>\n<li>Mit M\u00fcnz- &#038; Scheinfach<\/li>\n<li>Schneller Zugriff per Click-Mechanismus<\/li>\n<\/ul>\n","protected":false},"featured_media":10675,"template":"","meta":{"inline_featured_image":false},"product_brand":[],"product_cat":[1652],"product_tag":[],"class_list":{"0":"post-27664","1":"product","2":"type-product","3":"status-publish","4":"has-post-thumbnail","6":"product_cat-clicksafe","8":"first","9":"instock","10":"purchasable","11":"product-type-simple"},"_links":{"self":[{"href":"https:\/\/www.juescha.de\/de_de\/wp-json\/wp\/v2\/product\/27664","targetHints":{"allow":["GET"]}}],"collection":[{"href":"https:\/\/www.juescha.de\/de_de\/wp-json\/wp\/v2\/product"}],"about":[{"href":"https:\/\/www.juescha.de\/de_de\/wp-json\/wp\/v2\/types\/product"}],"version-history":[{"count":0,"href":"https:\/\/www.juescha.de\/de_de\/wp-json\/wp\/v2\/product\/27664\/revisions"}],"wp:featuredmedia":[{"embeddable":true,"href":"https:\/\/www.juescha.de\/de_de\/wp-json\/wp\/v2\/media\/10675"}],"wp:attachment":[{"href":"https:\/\/www.juescha.de\/de_de\/wp-json\/wp\/v2\/media?parent=27664"}],"wp:term":[{"taxonomy":"product_brand","embeddable":true,"href":"https:\/\/www.juescha.de\/de_de\/wp-json\/wp\/v2\/product_brand?post=27664"},{"taxonomy":"product_cat","embeddable":true,"href":"https:\/\/www.juescha.de\/de_de\/wp-json\/wp\/v2\/product_cat?post=27664"},{"taxonomy":"product_tag","embeddable":true,"href":"https:\/\/www.juescha.de\/de_de\/wp-json\/wp\/v2\/product_tag?post=27664"}],"curies":[{"name":"wp","href":"https:\/\/api.w.org\/{rel}","templated":true}]}}