{"id":27661,"date":"2025-04-28T19:53:37","date_gmt":"2025-04-28T17:53:37","guid":{"rendered":"https:\/\/www.juescha.de\/shop\/unkategorisiert\/clicksafe-boerse-11\/"},"modified":"2026-01-21T08:48:28","modified_gmt":"2026-01-21T07:48:28","slug":"clicksafe-boerse-11","status":"publish","type":"product","link":"https:\/\/www.juescha.de\/de_de\/shop\/clicksafe\/clicksafe-boerse-11\/","title":{"rendered":"Clicksafe B\u00f6rse"},"content":{"rendered":"<h1>Clicksafe B\u00f6rse<\/h1>\n<p>B\u00f6rse mit Aluminium Tresor f\u00fcr bis zu acht Karten, Click-Mechanismus, RFID Safe, M\u00fcnzfach, Scheinfach, zus\u00e4tzliches Kredit- oder Visitenkartenfach<br \/>\nDie Clicksafe B\u00f6rse in schwarz mit silbernen Tresor ist ein hochwertiges und funktionales Accessoire, das Ihre Wertsachen sicher und gesch\u00fctzt aufbewahrt. Die B\u00f6rse besteht aus strapazierf\u00e4higem Nappaleder und verf\u00fcgt \u00fcber eine einzigartige Clicksafe-Technologie, die gew\u00e4hrleistet, dass Ihre Karten vor Identit\u00e4tsdiebstahl gesch\u00fctzt werden.<br \/>\nDie Clicksafe B\u00f6rse verf\u00fcgt \u00fcber mehrere F\u00e4cher, in denen Sie Ihre Karten, Ausweise und Bargeld aufbewahren k\u00f6nnen. Es gibt auch ein spezielles Fach f\u00fcr M\u00fcnzen und ein transparentes Fach f\u00fcr Ihren Ausweis oder F\u00fchrerschein. Die Clicksafe B\u00f6rse ist in elegantem Schwarz erh\u00e4ltlich und verf\u00fcgt \u00fcber ein schlankes und modernes Design, das zu jedem Outfit passt. Sie ist perfekt f\u00fcr den t\u00e4glichen Gebrauch, aber auch ideal f\u00fcr Reisen oder andere Abenteuer.<\/p>\n","protected":false},"excerpt":{"rendered":"<ul>\n<li>RFID-gesch\u00fctzter Aluminium-Tresor<\/li>\n<li>F\u00fcr bis zu 8 Karten<\/li>\n<li>Mit M\u00fcnz- &#038; Scheinfach<\/li>\n<li>Schneller Zugriff per Click-Mechanismus<\/li>\n<\/ul>\n","protected":false},"featured_media":10669,"template":"","meta":{"inline_featured_image":false},"product_brand":[],"product_cat":[1652],"product_tag":[],"class_list":{"0":"post-27661","1":"product","2":"type-product","3":"status-publish","4":"has-post-thumbnail","6":"product_cat-clicksafe","8":"first","9":"instock","10":"purchasable","11":"product-type-simple"},"_links":{"self":[{"href":"https:\/\/www.juescha.de\/de_de\/wp-json\/wp\/v2\/product\/27661","targetHints":{"allow":["GET"]}}],"collection":[{"href":"https:\/\/www.juescha.de\/de_de\/wp-json\/wp\/v2\/product"}],"about":[{"href":"https:\/\/www.juescha.de\/de_de\/wp-json\/wp\/v2\/types\/product"}],"version-history":[{"count":0,"href":"https:\/\/www.juescha.de\/de_de\/wp-json\/wp\/v2\/product\/27661\/revisions"}],"wp:featuredmedia":[{"embeddable":true,"href":"https:\/\/www.juescha.de\/de_de\/wp-json\/wp\/v2\/media\/10669"}],"wp:attachment":[{"href":"https:\/\/www.juescha.de\/de_de\/wp-json\/wp\/v2\/media?parent=27661"}],"wp:term":[{"taxonomy":"product_brand","embeddable":true,"href":"https:\/\/www.juescha.de\/de_de\/wp-json\/wp\/v2\/product_brand?post=27661"},{"taxonomy":"product_cat","embeddable":true,"href":"https:\/\/www.juescha.de\/de_de\/wp-json\/wp\/v2\/product_cat?post=27661"},{"taxonomy":"product_tag","embeddable":true,"href":"https:\/\/www.juescha.de\/de_de\/wp-json\/wp\/v2\/product_tag?post=27661"}],"curies":[{"name":"wp","href":"https:\/\/api.w.org\/{rel}","templated":true}]}}