{"id":27660,"date":"2025-04-28T19:53:37","date_gmt":"2025-04-28T17:53:37","guid":{"rendered":"https:\/\/www.juescha.de\/shop\/unkategorisiert\/clicksafe-boerse-10\/"},"modified":"2026-01-21T08:48:28","modified_gmt":"2026-01-21T07:48:28","slug":"clicksafe-boerse-10","status":"publish","type":"product","link":"https:\/\/www.juescha.de\/de_de\/shop\/clicksafe\/clicksafe-boerse-10\/","title":{"rendered":"Clicksafe B\u00f6rse"},"content":{"rendered":"<h1>Clicksafe B\u00f6rse<\/h1>\n<p>B\u00f6rse mit Aluminium Tresor f\u00fcr bis zu acht Karten, Click-Mechanismus, RFID Safe, M\u00fcnzfach, Scheinfach, zus\u00e4tzliches Kredit- oder Visitenkartenfach<br \/>\nDie Clicksafe B\u00f6rse in schwarz mit silbernen Tresor ist ein hochwertiges und sicheres Accessoire f\u00fcr den modernen Lifestyle. Die B\u00f6rse wurde speziell f\u00fcr den Schutz von Kreditkarten, Ausweisdokumenten und anderen wichtigen Wertgegenst\u00e4nden entwickelt und ist mit einer Vielzahl von Sicherheitsfunktionen ausgestattet. Die B\u00f6rse besteht aus robustem und langlebigem Hunter Leder und verf\u00fcgt \u00fcber eine Clicksafe-Sicherheitsverriegelung, die verhindert, dass die B\u00f6rse ungewollt ge\u00f6ffnet wird. Dar\u00fcber hinaus ist die B\u00f6rse mit einem RFID-Blocker ausgestattet, der die darin enthaltenen Kreditkarten vor unautorisiertem Zugriff sch\u00fctzt.<br \/>\nDie Clicksafe B\u00f6rse bietet au\u00dferdem gen\u00fcgend Stauraum f\u00fcr Geldscheine, M\u00fcnzen und andere wichtige Gegenst\u00e4nde. Mit ihrer eleganten und schlanken Form ist die B\u00f6rse auch ein stilvolles Accessoire f\u00fcr den t\u00e4glichen Gebrauch. Mit ihrer hohen Qualit\u00e4t und Funktionalit\u00e4t ist die B\u00f6rse eine ausgezeichnete Wahl f\u00fcr alle, die Wert auf Sicherheit und Stil legen.<\/p>\n","protected":false},"excerpt":{"rendered":"<ul>\n<li>RFID-gesch\u00fctzter Aluminium-Tresor<\/li>\n<li>F\u00fcr bis zu 8 Karten<\/li>\n<li>Mit M\u00fcnz- &#038; Scheinfach<\/li>\n<li>Schneller Zugriff per Click-Mechanismus<\/li>\n<\/ul>\n","protected":false},"featured_media":10667,"template":"","meta":{"inline_featured_image":false},"product_brand":[],"product_cat":[1652],"product_tag":[],"class_list":{"0":"post-27660","1":"product","2":"type-product","3":"status-publish","4":"has-post-thumbnail","6":"product_cat-clicksafe","8":"first","9":"instock","10":"purchasable","11":"product-type-simple"},"_links":{"self":[{"href":"https:\/\/www.juescha.de\/de_de\/wp-json\/wp\/v2\/product\/27660","targetHints":{"allow":["GET"]}}],"collection":[{"href":"https:\/\/www.juescha.de\/de_de\/wp-json\/wp\/v2\/product"}],"about":[{"href":"https:\/\/www.juescha.de\/de_de\/wp-json\/wp\/v2\/types\/product"}],"version-history":[{"count":0,"href":"https:\/\/www.juescha.de\/de_de\/wp-json\/wp\/v2\/product\/27660\/revisions"}],"wp:featuredmedia":[{"embeddable":true,"href":"https:\/\/www.juescha.de\/de_de\/wp-json\/wp\/v2\/media\/10667"}],"wp:attachment":[{"href":"https:\/\/www.juescha.de\/de_de\/wp-json\/wp\/v2\/media?parent=27660"}],"wp:term":[{"taxonomy":"product_brand","embeddable":true,"href":"https:\/\/www.juescha.de\/de_de\/wp-json\/wp\/v2\/product_brand?post=27660"},{"taxonomy":"product_cat","embeddable":true,"href":"https:\/\/www.juescha.de\/de_de\/wp-json\/wp\/v2\/product_cat?post=27660"},{"taxonomy":"product_tag","embeddable":true,"href":"https:\/\/www.juescha.de\/de_de\/wp-json\/wp\/v2\/product_tag?post=27660"}],"curies":[{"name":"wp","href":"https:\/\/api.w.org\/{rel}","templated":true}]}}