{"id":27656,"date":"2025-04-28T19:53:36","date_gmt":"2025-04-28T17:53:36","guid":{"rendered":"https:\/\/www.juescha.de\/shop\/unkategorisiert\/clicksafe-boerse-6\/"},"modified":"2026-01-21T08:48:28","modified_gmt":"2026-01-21T07:48:28","slug":"clicksafe-boerse-6","status":"publish","type":"product","link":"https:\/\/www.juescha.de\/de_de\/shop\/clicksafe\/clicksafe-boerse-6\/","title":{"rendered":"Clicksafe B\u00f6rse"},"content":{"rendered":"<h1>Clicksafe B\u00f6rse<\/h1>\n<p>B\u00f6rse mit Aluminium Tresor f\u00fcr bis zu acht Karten, Click-Mechanismus, RFID Safe, M\u00fcnzfach, Scheinfach, zus\u00e4tzliches Kredit- oder Visitenkartenfach<br \/>\nDie Clicksafe B\u00f6rse ist eine hochwertige Geldb\u00f6rse, die durch ihre hohe Sicherheit und ihre praktischen Funktionen \u00fcberzeugt. Die Geldb\u00f6rse ist aus strapazierf\u00e4higem und robustem Lederimitat gefertigt und verf\u00fcgt \u00fcber ein integriertes Clicksafe-Sicherheitssystem, das einen zuverl\u00e4ssigen Schutz vor Diebstahl bietet. Die Clicksafe B\u00f6rse bietet ausreichend Platz f\u00fcr Bargeld, Kreditkarten, Ausweise und weitere Dokumente. Ein praktisches M\u00fcnzfach sorgt daf\u00fcr, dass Kleingeld schnell und einfach verstaut werden kann.<br \/>\nDie Clicksafe B\u00f6rse ist dar\u00fcber hinaus sehr benutzerfreundlich gestaltet. Das integrierte Clicksafe-Sicherheitssystem erm\u00f6glicht ein schnelles und einfaches \u00d6ffnen und Schlie\u00dfen der B\u00f6rse, w\u00e4hrend gleichzeitig ein zuverl\u00e4ssiger Schutz vor Diebstahl gew\u00e4hrleistet wird. Auch die verschiedenen F\u00e4cher und Einsch\u00fcbe sind gut zug\u00e4nglich und bieten eine praktische und \u00fcbersichtliche Aufbewahrung.<br \/>\nDank der hochwertigen Verarbeitung und des funktionalen Designs ist die Clicksafe B\u00f6rse eine ideale Wahl f\u00fcr alle, die eine sichere und praktische Geldb\u00f6rse suchen.<\/p>\n","protected":false},"excerpt":{"rendered":"<ul>\n<li>RFID-gesch\u00fctzter Aluminium-Tresor<\/li>\n<li>F\u00fcr bis zu 8 Karten<\/li>\n<li>Mit M\u00fcnz- &#038; Scheinfach<\/li>\n<li>Schneller Zugriff per Click-Mechanismus<\/li>\n<\/ul>\n","protected":false},"featured_media":10659,"template":"","meta":{"inline_featured_image":false},"product_brand":[],"product_cat":[1652],"product_tag":[],"class_list":{"0":"post-27656","1":"product","2":"type-product","3":"status-publish","4":"has-post-thumbnail","6":"product_cat-clicksafe","8":"first","9":"instock","10":"purchasable","11":"product-type-simple"},"_links":{"self":[{"href":"https:\/\/www.juescha.de\/de_de\/wp-json\/wp\/v2\/product\/27656","targetHints":{"allow":["GET"]}}],"collection":[{"href":"https:\/\/www.juescha.de\/de_de\/wp-json\/wp\/v2\/product"}],"about":[{"href":"https:\/\/www.juescha.de\/de_de\/wp-json\/wp\/v2\/types\/product"}],"version-history":[{"count":0,"href":"https:\/\/www.juescha.de\/de_de\/wp-json\/wp\/v2\/product\/27656\/revisions"}],"wp:featuredmedia":[{"embeddable":true,"href":"https:\/\/www.juescha.de\/de_de\/wp-json\/wp\/v2\/media\/10659"}],"wp:attachment":[{"href":"https:\/\/www.juescha.de\/de_de\/wp-json\/wp\/v2\/media?parent=27656"}],"wp:term":[{"taxonomy":"product_brand","embeddable":true,"href":"https:\/\/www.juescha.de\/de_de\/wp-json\/wp\/v2\/product_brand?post=27656"},{"taxonomy":"product_cat","embeddable":true,"href":"https:\/\/www.juescha.de\/de_de\/wp-json\/wp\/v2\/product_cat?post=27656"},{"taxonomy":"product_tag","embeddable":true,"href":"https:\/\/www.juescha.de\/de_de\/wp-json\/wp\/v2\/product_tag?post=27656"}],"curies":[{"name":"wp","href":"https:\/\/api.w.org\/{rel}","templated":true}]}}