{"id":27654,"date":"2025-04-28T19:53:36","date_gmt":"2025-04-28T17:53:36","guid":{"rendered":"https:\/\/www.juescha.de\/shop\/unkategorisiert\/clicksafe-boerse-4\/"},"modified":"2026-01-21T08:48:28","modified_gmt":"2026-01-21T07:48:28","slug":"clicksafe-boerse-4","status":"publish","type":"product","link":"https:\/\/www.juescha.de\/de_de\/shop\/clicksafe\/clicksafe-boerse-4\/","title":{"rendered":"Clicksafe B\u00f6rse"},"content":{"rendered":"<h1>Clicksafe B\u00f6rse<\/h1>\n<p>B\u00f6rse mit Aluminium Tresor f\u00fcr bis zu acht Karten, Click-Mechanismus, RFID Safe, M\u00fcnzfach, Scheinfach, zus\u00e4tzliches Kredit- oder Visitenkartenfach<br \/>\nDie Clicksafe B\u00f6rse ist eine B\u00f6rse in braun mit passendem silbernen Tresor. Durch den Tresor mit RFID-Schutz, gerfertigt aus Aluminium, ist die B\u00f6rse robust und langlebig. Die ca. 10 x 6,5 x 2,5 cm gro\u00dfe B\u00f6rse bietet Platz f\u00fcr bis zu acht Karten.<\/p>\n","protected":false},"excerpt":{"rendered":"<ul>\n<li>RFID-gesch\u00fctzter Aluminium-Tresor<\/li>\n<li>F\u00fcr bis zu 8 Karten<\/li>\n<li>Mit M\u00fcnz- &#038; Scheinfach<\/li>\n<li>Schneller Zugriff per Click-Mechanismus<\/li>\n<\/ul>\n","protected":false},"featured_media":10655,"template":"","meta":{"inline_featured_image":false},"product_brand":[],"product_cat":[1652],"product_tag":[],"class_list":{"0":"post-27654","1":"product","2":"type-product","3":"status-publish","4":"has-post-thumbnail","6":"product_cat-clicksafe","8":"first","9":"instock","10":"purchasable","11":"product-type-simple"},"_links":{"self":[{"href":"https:\/\/www.juescha.de\/de_de\/wp-json\/wp\/v2\/product\/27654","targetHints":{"allow":["GET"]}}],"collection":[{"href":"https:\/\/www.juescha.de\/de_de\/wp-json\/wp\/v2\/product"}],"about":[{"href":"https:\/\/www.juescha.de\/de_de\/wp-json\/wp\/v2\/types\/product"}],"version-history":[{"count":0,"href":"https:\/\/www.juescha.de\/de_de\/wp-json\/wp\/v2\/product\/27654\/revisions"}],"wp:featuredmedia":[{"embeddable":true,"href":"https:\/\/www.juescha.de\/de_de\/wp-json\/wp\/v2\/media\/10655"}],"wp:attachment":[{"href":"https:\/\/www.juescha.de\/de_de\/wp-json\/wp\/v2\/media?parent=27654"}],"wp:term":[{"taxonomy":"product_brand","embeddable":true,"href":"https:\/\/www.juescha.de\/de_de\/wp-json\/wp\/v2\/product_brand?post=27654"},{"taxonomy":"product_cat","embeddable":true,"href":"https:\/\/www.juescha.de\/de_de\/wp-json\/wp\/v2\/product_cat?post=27654"},{"taxonomy":"product_tag","embeddable":true,"href":"https:\/\/www.juescha.de\/de_de\/wp-json\/wp\/v2\/product_tag?post=27654"}],"curies":[{"name":"wp","href":"https:\/\/api.w.org\/{rel}","templated":true}]}}