{"id":27647,"date":"2025-04-28T19:53:33","date_gmt":"2025-04-28T17:53:33","guid":{"rendered":"https:\/\/www.juescha.de\/shop\/unkategorisiert\/clicksafe-tresor\/"},"modified":"2026-01-21T08:48:30","modified_gmt":"2026-01-21T07:48:30","slug":"clicksafe-tresor","status":"publish","type":"product","link":"https:\/\/www.juescha.de\/de_de\/shop\/clicksafe\/clicksafe-tresor\/","title":{"rendered":"Clicksafe Tresor"},"content":{"rendered":"<h1>Clicksafe Tresor<\/h1>\n<p>Aluminium Tresor f\u00fcr bis zu acht Karten, Click-Mechanismus, RFID Safe<br \/>\nDer Clicksafe Tresor in silber aus Aluminium gefertigt, hilft Ihre Karte vor Identit\u00e4tsdiebstahl zu sch\u00fctzen. Der Tresor bietet Platz f\u00fcr bis zu acht Karten. Der Clicksafe Tresor ist handlich und passt<br \/>\nsomit perfekt in jede Tasche.<\/p>\n","protected":false},"excerpt":{"rendered":"<ul>\n<li>Aluminium-Tresor mit RFID-Schutz<\/li>\n<li>Platz f\u00fcr bis zu 8 Karten<\/li>\n<li>Click-Mechanismus f\u00fcr schnellen Zugriff<\/li>\n<li>Kompakt &#038; handlich f\u00fcr unterwegs<\/li>\n<\/ul>\n","protected":false},"featured_media":10638,"template":"","meta":{"inline_featured_image":false},"product_brand":[],"product_cat":[1652],"product_tag":[],"class_list":{"0":"post-27647","1":"product","2":"type-product","3":"status-publish","4":"has-post-thumbnail","6":"product_cat-clicksafe","8":"first","9":"instock","10":"purchasable","11":"product-type-simple"},"_links":{"self":[{"href":"https:\/\/www.juescha.de\/de_de\/wp-json\/wp\/v2\/product\/27647","targetHints":{"allow":["GET"]}}],"collection":[{"href":"https:\/\/www.juescha.de\/de_de\/wp-json\/wp\/v2\/product"}],"about":[{"href":"https:\/\/www.juescha.de\/de_de\/wp-json\/wp\/v2\/types\/product"}],"version-history":[{"count":0,"href":"https:\/\/www.juescha.de\/de_de\/wp-json\/wp\/v2\/product\/27647\/revisions"}],"wp:featuredmedia":[{"embeddable":true,"href":"https:\/\/www.juescha.de\/de_de\/wp-json\/wp\/v2\/media\/10638"}],"wp:attachment":[{"href":"https:\/\/www.juescha.de\/de_de\/wp-json\/wp\/v2\/media?parent=27647"}],"wp:term":[{"taxonomy":"product_brand","embeddable":true,"href":"https:\/\/www.juescha.de\/de_de\/wp-json\/wp\/v2\/product_brand?post=27647"},{"taxonomy":"product_cat","embeddable":true,"href":"https:\/\/www.juescha.de\/de_de\/wp-json\/wp\/v2\/product_cat?post=27647"},{"taxonomy":"product_tag","embeddable":true,"href":"https:\/\/www.juescha.de\/de_de\/wp-json\/wp\/v2\/product_tag?post=27647"}],"curies":[{"name":"wp","href":"https:\/\/api.w.org\/{rel}","templated":true}]}}