{"id":27645,"date":"2025-04-28T19:53:33","date_gmt":"2025-04-28T17:53:33","guid":{"rendered":"https:\/\/www.juescha.de\/shop\/unkategorisiert\/geldboerse-querformat-3\/"},"modified":"2026-01-21T08:49:02","modified_gmt":"2026-01-21T07:49:02","slug":"geldboerse-querformat-3","status":"publish","type":"product","link":"https:\/\/www.juescha.de\/de_de\/shop\/alassio\/geldboerse-querformat-3\/","title":{"rendered":"Geldb\u00f6rse Querformat"},"content":{"rendered":"<h1>Geldb\u00f6rse Querformat  <\/h1>\n<p>Querformat, sieben Kartenf\u00e4cher, zwei Klarsichtf\u00e4cher, drei Einschubf\u00e4cher, zwei Scheinf\u00e4cher, M\u00fcnzfach<br \/>\nDie Geldb\u00f6rse Querformat in Schwarz von Alassio ist ein elegantes und praktisches Accessoire f\u00fcr den t\u00e4glichen Gebrauch. Sie ist aus hochwertigem Leder gefertigt und hat eine glatte und gleichm\u00e4\u00dfige Oberfl\u00e4che. Die Geldb\u00f6rse verf\u00fcgt \u00fcber zahlreiche F\u00e4cher und Taschen, die genug Platz f\u00fcr Karten, Geldscheine und M\u00fcnzen bieten.<br \/>\nDie Geldb\u00f6rse hat die Ma\u00dfe von 10 x 12 x 2,0 cm. Sie hat ein Hauptfach und ein aufklappbares M\u00fcnzfach mit Druckknopfverschluss. Innen befinden sich 7 Kartenf\u00e4cher und zwei Klarsichtf\u00e4cher.<br \/>\nInsgesamt ist die Geldb\u00f6rse Querformat in schwarz von Alassio ein hochwertiges und praktisches Accessoire, das durch sein schlichtes und zeitloses Design \u00fcberzeugt. <\/p>\n","protected":false},"excerpt":{"rendered":"<ul>\n<li>Querformat, schwarzes Leder<\/li>\n<li>7 Kartenf\u00e4cher, 2 Klarsichtf\u00e4cher<\/li>\n<li>2 Scheinf\u00e4cher, M\u00fcnzfach<\/li>\n<li>Gr\u00f6\u00dfe: 10 x 12 x 2 cm<\/li>\n<\/ul>\n","protected":false},"featured_media":10625,"template":"","meta":{"inline_featured_image":false},"product_brand":[],"product_cat":[1651],"product_tag":[],"class_list":{"0":"post-27645","1":"product","2":"type-product","3":"status-publish","4":"has-post-thumbnail","6":"product_cat-alassio","8":"first","9":"instock","10":"purchasable","11":"product-type-simple"},"_links":{"self":[{"href":"https:\/\/www.juescha.de\/de_de\/wp-json\/wp\/v2\/product\/27645","targetHints":{"allow":["GET"]}}],"collection":[{"href":"https:\/\/www.juescha.de\/de_de\/wp-json\/wp\/v2\/product"}],"about":[{"href":"https:\/\/www.juescha.de\/de_de\/wp-json\/wp\/v2\/types\/product"}],"version-history":[{"count":0,"href":"https:\/\/www.juescha.de\/de_de\/wp-json\/wp\/v2\/product\/27645\/revisions"}],"wp:featuredmedia":[{"embeddable":true,"href":"https:\/\/www.juescha.de\/de_de\/wp-json\/wp\/v2\/media\/10625"}],"wp:attachment":[{"href":"https:\/\/www.juescha.de\/de_de\/wp-json\/wp\/v2\/media?parent=27645"}],"wp:term":[{"taxonomy":"product_brand","embeddable":true,"href":"https:\/\/www.juescha.de\/de_de\/wp-json\/wp\/v2\/product_brand?post=27645"},{"taxonomy":"product_cat","embeddable":true,"href":"https:\/\/www.juescha.de\/de_de\/wp-json\/wp\/v2\/product_cat?post=27645"},{"taxonomy":"product_tag","embeddable":true,"href":"https:\/\/www.juescha.de\/de_de\/wp-json\/wp\/v2\/product_tag?post=27645"}],"curies":[{"name":"wp","href":"https:\/\/api.w.org\/{rel}","templated":true}]}}