{"id":27644,"date":"2025-04-28T19:53:33","date_gmt":"2025-04-28T17:53:33","guid":{"rendered":"https:\/\/www.juescha.de\/shop\/unkategorisiert\/geldboerse-hochformat-2\/"},"modified":"2026-01-21T08:49:02","modified_gmt":"2026-01-21T07:49:02","slug":"geldboerse-hochformat-2","status":"publish","type":"product","link":"https:\/\/www.juescha.de\/de_de\/shop\/alassio\/geldboerse-hochformat-2\/","title":{"rendered":"Geldb\u00f6rse Hochformat"},"content":{"rendered":"<h1>Geldb\u00f6rse Hochformat <\/h1>\n<p>Hochformat, sieben Kartenf\u00e4cher, drei Klarsichtf\u00e4cher, zwei Einschubf\u00e4cher, ein Rei\u00dfverschlussfach, zwei Scheinf\u00e4cher, M\u00fcnzfach<br \/>\nDie Geldb\u00f6rse Hochformat in schwarz von Alassio ist ein elegantes und zeitloses Accessoire f\u00fcr den stilbewussten Mann. Die B\u00f6rse ist aus hochwertigem Leder gefertigt und pr\u00e4sentiert sich in einer klassischen, rechteckigen Form. Die Geldb\u00f6rse verf\u00fcgt \u00fcber zahlreiche F\u00e4cher und bietet somit viel Stauraum f\u00fcr Geldscheine, M\u00fcnzen und Karten.<br \/>\nDie Abmessungen der B\u00f6rse betragen 12 x 9,5 x 2,5 cm. Insgesamt ist die Geldb\u00f6rse Hochformat in schwarz von Alassio ein hochwertiges und praktisches Accessoire, das durch sein schlichtes und zeitloses Design \u00fcberzeugt.<\/p>\n","protected":false},"excerpt":{"rendered":"<ul>\n<li>Hochformat-Geldb\u00f6rse aus schwarzem Leder<\/li>\n<li>7 Kartenf\u00e4cher, 3 Klarsichtf\u00e4cher<\/li>\n<li>Rei\u00dfverschluss-, Schein- &#038; M\u00fcnzfach<\/li>\n<li>Ma\u00dfe: ca. 12 x 9,5 x 2,5 cm<\/li>\n<\/ul>\n","protected":false},"featured_media":10621,"template":"","meta":{"inline_featured_image":false},"product_brand":[],"product_cat":[1651],"product_tag":[],"class_list":{"0":"post-27644","1":"product","2":"type-product","3":"status-publish","4":"has-post-thumbnail","6":"product_cat-alassio","8":"first","9":"instock","10":"purchasable","11":"product-type-simple"},"_links":{"self":[{"href":"https:\/\/www.juescha.de\/de_de\/wp-json\/wp\/v2\/product\/27644","targetHints":{"allow":["GET"]}}],"collection":[{"href":"https:\/\/www.juescha.de\/de_de\/wp-json\/wp\/v2\/product"}],"about":[{"href":"https:\/\/www.juescha.de\/de_de\/wp-json\/wp\/v2\/types\/product"}],"version-history":[{"count":0,"href":"https:\/\/www.juescha.de\/de_de\/wp-json\/wp\/v2\/product\/27644\/revisions"}],"wp:featuredmedia":[{"embeddable":true,"href":"https:\/\/www.juescha.de\/de_de\/wp-json\/wp\/v2\/media\/10621"}],"wp:attachment":[{"href":"https:\/\/www.juescha.de\/de_de\/wp-json\/wp\/v2\/media?parent=27644"}],"wp:term":[{"taxonomy":"product_brand","embeddable":true,"href":"https:\/\/www.juescha.de\/de_de\/wp-json\/wp\/v2\/product_brand?post=27644"},{"taxonomy":"product_cat","embeddable":true,"href":"https:\/\/www.juescha.de\/de_de\/wp-json\/wp\/v2\/product_cat?post=27644"},{"taxonomy":"product_tag","embeddable":true,"href":"https:\/\/www.juescha.de\/de_de\/wp-json\/wp\/v2\/product_tag?post=27644"}],"curies":[{"name":"wp","href":"https:\/\/api.w.org\/{rel}","templated":true}]}}