{"id":27643,"date":"2025-04-28T19:53:32","date_gmt":"2025-04-28T17:53:32","guid":{"rendered":"https:\/\/www.juescha.de\/shop\/unkategorisiert\/mini-boerse-querformat\/"},"modified":"2026-01-21T08:49:03","modified_gmt":"2026-01-21T07:49:03","slug":"mini-boerse-querformat","status":"publish","type":"product","link":"https:\/\/www.juescha.de\/de_de\/shop\/alassio\/mini-boerse-querformat\/","title":{"rendered":"Mini-B\u00f6rse Querformat"},"content":{"rendered":"<h1>Mini-B\u00f6rse Querformat  <\/h1>\n<p>Metallschl\u00fcsselring, kleines M\u00fcnzfach und Scheinfach<br \/>\nDie Mini-Geldb\u00f6rse von Alassio ist eine kleine Geldb\u00f6rse im Querformat, die in der Farbe Braun erh\u00e4ltlich ist. Sie besteht aus hochwertigem Leder und hat eine Gr\u00f6\u00dfe von ca. 8,5 x 5 cm. Die Geldb\u00f6rse verf\u00fcgt \u00fcber ein kleines M\u00fcnzfach und einem Scheinfach. Zus\u00e4tzlich besitzt sie einen Metallschl\u00fcsselring, um die B\u00f6rse an Schl\u00fcsselbund oder Tasche zu befestigen. Die Mini-Geldb\u00f6rse von Alassio ist mit einem Druckknopfverschluss ausgestattet, der sicherstellt, dass nichts herausf\u00e4llt.<br \/>\nInsgesamt ist die Mini-Geldb\u00f6rse von Alassio eine stilvolle und praktische Option f\u00fcr Menschen, die eine kompakte und dennoch ger\u00e4umige Geldb\u00f6rse suchen, um ihre wichtigsten Zahlungsmittel und Papiere sicher aufzubewahren.<\/p>\n","protected":false},"excerpt":{"rendered":"<ul>\n<li>Kompakte Mini-B\u00f6rse im Querformat aus braunem Leder<\/li>\n<li>Mit M\u00fcnzfach und Scheinfach<\/li>\n<li>Inklusive Metallschl\u00fcsselring zur Befestigung<\/li>\n<li>Sicherer Druckknopfverschluss, Ma\u00dfe: ca. 8,5 x 5 cm<\/li>\n<\/ul>\n","protected":false},"featured_media":10617,"template":"","meta":{"inline_featured_image":false},"product_brand":[],"product_cat":[1651],"product_tag":[],"class_list":{"0":"post-27643","1":"product","2":"type-product","3":"status-publish","4":"has-post-thumbnail","6":"product_cat-alassio","8":"first","9":"instock","10":"purchasable","11":"product-type-simple"},"_links":{"self":[{"href":"https:\/\/www.juescha.de\/de_de\/wp-json\/wp\/v2\/product\/27643","targetHints":{"allow":["GET"]}}],"collection":[{"href":"https:\/\/www.juescha.de\/de_de\/wp-json\/wp\/v2\/product"}],"about":[{"href":"https:\/\/www.juescha.de\/de_de\/wp-json\/wp\/v2\/types\/product"}],"version-history":[{"count":0,"href":"https:\/\/www.juescha.de\/de_de\/wp-json\/wp\/v2\/product\/27643\/revisions"}],"wp:featuredmedia":[{"embeddable":true,"href":"https:\/\/www.juescha.de\/de_de\/wp-json\/wp\/v2\/media\/10617"}],"wp:attachment":[{"href":"https:\/\/www.juescha.de\/de_de\/wp-json\/wp\/v2\/media?parent=27643"}],"wp:term":[{"taxonomy":"product_brand","embeddable":true,"href":"https:\/\/www.juescha.de\/de_de\/wp-json\/wp\/v2\/product_brand?post=27643"},{"taxonomy":"product_cat","embeddable":true,"href":"https:\/\/www.juescha.de\/de_de\/wp-json\/wp\/v2\/product_cat?post=27643"},{"taxonomy":"product_tag","embeddable":true,"href":"https:\/\/www.juescha.de\/de_de\/wp-json\/wp\/v2\/product_tag?post=27643"}],"curies":[{"name":"wp","href":"https:\/\/api.w.org\/{rel}","templated":true}]}}