{"id":27641,"date":"2025-04-28T19:53:32","date_gmt":"2025-04-28T17:53:32","guid":{"rendered":"https:\/\/www.juescha.de\/shop\/unkategorisiert\/geldboerse-querformat-2\/"},"modified":"2026-01-21T08:49:03","modified_gmt":"2026-01-21T07:49:03","slug":"geldboerse-querformat-2","status":"publish","type":"product","link":"https:\/\/www.juescha.de\/de_de\/shop\/alassio\/geldboerse-querformat-2\/","title":{"rendered":"Geldb\u00f6rse Querformat"},"content":{"rendered":"<h1>Geldb\u00f6rse Querformat  <\/h1>\n<p>Querformat, sieben Kartenf\u00e4cher, zwei Klarsichtf\u00e4cher, drei Einschubf\u00e4cher, zwei Scheinf\u00e4cher, M\u00fcnzfach<br \/>\nDie Geldb\u00f6rse ist aus hochwertigem Leder gefertigt und hat ein klassisches Design. Sie ist in der Farbe Braun erh\u00e4ltlich und hat eine Gr\u00f6\u00dfe von etwa 10 x 12 x 2 cm. Die Geldb\u00f6rse verf\u00fcgt \u00fcber ein Hauptfach, in dem sich ein Geldscheinfach, ein M\u00fcnzfach mit Druckknopfverschluss und mehrere Kartenf\u00e4cher befinden.<br \/>\nSie eignet sich als Geschenk oder f\u00fcr den t\u00e4glichen Gebrauch.<\/p>\n","protected":false},"excerpt":{"rendered":"<ul>\n<li>Edles, braunes Leder im klassischen Querformat<\/li>\n<li>7 Kartenf\u00e4cher, 2 Klarsicht- und 3 Einschubf\u00e4cher<\/li>\n<li>2 Scheinf\u00e4cher und praktisches M\u00fcnzfach<\/li>\n<li>Ideal f\u00fcr Alltag oder als stilvolles Geschenk<\/li>\n<\/ul>\n","protected":false},"featured_media":10609,"template":"","meta":{"inline_featured_image":false},"product_brand":[],"product_cat":[1651],"product_tag":[],"class_list":{"0":"post-27641","1":"product","2":"type-product","3":"status-publish","4":"has-post-thumbnail","6":"product_cat-alassio","8":"first","9":"instock","10":"purchasable","11":"product-type-simple"},"_links":{"self":[{"href":"https:\/\/www.juescha.de\/de_de\/wp-json\/wp\/v2\/product\/27641","targetHints":{"allow":["GET"]}}],"collection":[{"href":"https:\/\/www.juescha.de\/de_de\/wp-json\/wp\/v2\/product"}],"about":[{"href":"https:\/\/www.juescha.de\/de_de\/wp-json\/wp\/v2\/types\/product"}],"version-history":[{"count":0,"href":"https:\/\/www.juescha.de\/de_de\/wp-json\/wp\/v2\/product\/27641\/revisions"}],"wp:featuredmedia":[{"embeddable":true,"href":"https:\/\/www.juescha.de\/de_de\/wp-json\/wp\/v2\/media\/10609"}],"wp:attachment":[{"href":"https:\/\/www.juescha.de\/de_de\/wp-json\/wp\/v2\/media?parent=27641"}],"wp:term":[{"taxonomy":"product_brand","embeddable":true,"href":"https:\/\/www.juescha.de\/de_de\/wp-json\/wp\/v2\/product_brand?post=27641"},{"taxonomy":"product_cat","embeddable":true,"href":"https:\/\/www.juescha.de\/de_de\/wp-json\/wp\/v2\/product_cat?post=27641"},{"taxonomy":"product_tag","embeddable":true,"href":"https:\/\/www.juescha.de\/de_de\/wp-json\/wp\/v2\/product_tag?post=27641"}],"curies":[{"name":"wp","href":"https:\/\/api.w.org\/{rel}","templated":true}]}}