{"id":27640,"date":"2025-04-28T19:53:32","date_gmt":"2025-04-28T17:53:32","guid":{"rendered":"https:\/\/www.juescha.de\/shop\/unkategorisiert\/geldboerse-hochformat\/"},"modified":"2026-01-21T08:49:03","modified_gmt":"2026-01-21T07:49:03","slug":"geldboerse-hochformat","status":"publish","type":"product","link":"https:\/\/www.juescha.de\/de_de\/shop\/alassio\/geldboerse-hochformat\/","title":{"rendered":"Geldb\u00f6rse Hochformat"},"content":{"rendered":"<h1>Geldb\u00f6rse Hochformat <\/h1>\n<p>Hochformat, sieben Kartenf\u00e4cher, drei Klarsichtf\u00e4cher, zwei Einschubf\u00e4cher, ein Rei\u00dfverschlussfach, zwei Scheinf\u00e4cher, M\u00fcnzfach<br \/>\nDie Geldb\u00f6rse Hochformat von Alassio ist eine stilvolle und praktische Wahl f\u00fcr M\u00e4nner und Frauen, die Wert auf Qualit\u00e4t und Funktionalit\u00e4t legen. Die Brieftasche besteht aus hochwertigem, braunem Leder und verf\u00fcgt \u00fcber eine robuste Verarbeitung.<br \/>\nIm Inneren der Geldb\u00f6rse gibt es viele F\u00e4cher und Taschen, die genug Platz bieten, um Karten, M\u00fcnzen und Geldschein aufzubewahren. Es gibt insgesamt sieben Kartenf\u00e4cher, ein Fach mit Rei\u00dfverschluss f\u00fcr M\u00fcnzen und zwei gr\u00f6\u00dfere F\u00e4cher f\u00fcr Geldscheine oder Belege, zus\u00e4tzliches gibt es noch zwei Einschubf\u00e4cher. Die Geldb\u00f6rse ist 12 x 9,5 x 2,5 cm gro\u00df und passt perfekt in die Hosentasche oder eine Handtasche. Sie ist ein zeitloses und praktisches Accessoire, das in jeder Situation n\u00fctzlich ist.<\/p>\n","protected":false},"excerpt":{"rendered":"<ul>\n<li>Hochwertiges braunes Leder, kompakt und robust<\/li>\n<li>7 Kartenf\u00e4cher, 3 Klarsichtf\u00e4cher, 2 Einschubf\u00e4cher<\/li>\n<li>Rei\u00dfverschlussfach, M\u00fcnzfach und 2 Scheinf\u00e4cher<\/li>\n<li>Praktisch f\u00fcr Alltag, Business oder Reisen<\/li>\n<\/ul>\n","protected":false},"featured_media":10605,"template":"","meta":{"inline_featured_image":false},"product_brand":[],"product_cat":[1651],"product_tag":[],"class_list":{"0":"post-27640","1":"product","2":"type-product","3":"status-publish","4":"has-post-thumbnail","6":"product_cat-alassio","8":"first","9":"instock","10":"purchasable","11":"product-type-simple"},"_links":{"self":[{"href":"https:\/\/www.juescha.de\/de_de\/wp-json\/wp\/v2\/product\/27640","targetHints":{"allow":["GET"]}}],"collection":[{"href":"https:\/\/www.juescha.de\/de_de\/wp-json\/wp\/v2\/product"}],"about":[{"href":"https:\/\/www.juescha.de\/de_de\/wp-json\/wp\/v2\/types\/product"}],"version-history":[{"count":0,"href":"https:\/\/www.juescha.de\/de_de\/wp-json\/wp\/v2\/product\/27640\/revisions"}],"wp:featuredmedia":[{"embeddable":true,"href":"https:\/\/www.juescha.de\/de_de\/wp-json\/wp\/v2\/media\/10605"}],"wp:attachment":[{"href":"https:\/\/www.juescha.de\/de_de\/wp-json\/wp\/v2\/media?parent=27640"}],"wp:term":[{"taxonomy":"product_brand","embeddable":true,"href":"https:\/\/www.juescha.de\/de_de\/wp-json\/wp\/v2\/product_brand?post=27640"},{"taxonomy":"product_cat","embeddable":true,"href":"https:\/\/www.juescha.de\/de_de\/wp-json\/wp\/v2\/product_cat?post=27640"},{"taxonomy":"product_tag","embeddable":true,"href":"https:\/\/www.juescha.de\/de_de\/wp-json\/wp\/v2\/product_tag?post=27640"}],"curies":[{"name":"wp","href":"https:\/\/api.w.org\/{rel}","templated":true}]}}