{"id":27639,"date":"2025-04-28T19:53:31","date_gmt":"2025-04-28T17:53:31","guid":{"rendered":"https:\/\/www.juescha.de\/shop\/unkategorisiert\/guerteltasche-fuer-kellnerboersen-3\/"},"modified":"2026-01-21T08:49:07","modified_gmt":"2026-01-21T07:49:07","slug":"guerteltasche-fuer-kellnerboersen-3","status":"publish","type":"product","link":"https:\/\/www.juescha.de\/de_de\/shop\/alassio\/guerteltasche-fuer-kellnerboersen-3\/","title":{"rendered":"G\u00fcrteltasche f\u00fcr Kellnerb\u00f6rsen"},"content":{"rendered":"<h1>G\u00fcrteltasche f\u00fcr Kellnerb\u00f6rsen<\/h1>\n<p>Einsteckf\u00e4cher f\u00fcr B\u00f6rse, Notizblock und Stifte.<br \/>\nDie G\u00fcrteltasche f\u00fcr Kellnerb\u00f6rsen in Grau von Alassio ist ein praktisches Accessoire f\u00fcr Kellnerinnen und Kellner, um ihre Kellnerb\u00f6rsen sicher und bequem zu transportieren. Die Tasche besteht aus strapazierf\u00e4higem Hunter Leder und ist in einem klassischen Grauton gehalten.<br \/>\nDie Tasche hat eine Gr\u00f6\u00dfe von ca. 22 x 15 x 4 cm und bietet gen\u00fcgend Platz f\u00fcr eine Kellnerb\u00f6rse sowie andere wichtige Gegenst\u00e4nde wie Stift, Block und Handy. Die Tasche verf\u00fcgt \u00fcber eine Haupttasche f\u00fcr eine B\u00f6rse sowie zwei zus\u00e4tzliche Vordertaschen um kleinere Gegenst\u00e4nde sicher aufzubewahren.Die G\u00fcrteltasche ist daher eine gute Wahl f\u00fcr Kellnerinnen und Kellner, die eine sichere und bequeme M\u00f6glichkeit suchen, ihre Kellnerb\u00f6rse zu transportieren.<\/p>\n","protected":false},"excerpt":{"rendered":"<ul>\n<li>Hergestellt aus strapazierf\u00e4higem grauem Hunter Leder<\/li>\n<li>Hauptfach f\u00fcr Kellnerb\u00f6rse, zwei Zusatzf\u00e4cher<\/li>\n<li>Praktisch f\u00fcr Block, Stifte und weitere Utensilien<\/li>\n<li>Perfekt f\u00fcr sicheren &#038; komfortablen Einsatz im Service<\/li>\n<\/ul>\n","protected":false},"featured_media":10602,"template":"","meta":{"inline_featured_image":false},"product_brand":[],"product_cat":[1651],"product_tag":[],"class_list":{"0":"post-27639","1":"product","2":"type-product","3":"status-publish","4":"has-post-thumbnail","6":"product_cat-alassio","8":"first","9":"instock","10":"purchasable","11":"product-type-simple"},"_links":{"self":[{"href":"https:\/\/www.juescha.de\/de_de\/wp-json\/wp\/v2\/product\/27639","targetHints":{"allow":["GET"]}}],"collection":[{"href":"https:\/\/www.juescha.de\/de_de\/wp-json\/wp\/v2\/product"}],"about":[{"href":"https:\/\/www.juescha.de\/de_de\/wp-json\/wp\/v2\/types\/product"}],"version-history":[{"count":0,"href":"https:\/\/www.juescha.de\/de_de\/wp-json\/wp\/v2\/product\/27639\/revisions"}],"wp:featuredmedia":[{"embeddable":true,"href":"https:\/\/www.juescha.de\/de_de\/wp-json\/wp\/v2\/media\/10602"}],"wp:attachment":[{"href":"https:\/\/www.juescha.de\/de_de\/wp-json\/wp\/v2\/media?parent=27639"}],"wp:term":[{"taxonomy":"product_brand","embeddable":true,"href":"https:\/\/www.juescha.de\/de_de\/wp-json\/wp\/v2\/product_brand?post=27639"},{"taxonomy":"product_cat","embeddable":true,"href":"https:\/\/www.juescha.de\/de_de\/wp-json\/wp\/v2\/product_cat?post=27639"},{"taxonomy":"product_tag","embeddable":true,"href":"https:\/\/www.juescha.de\/de_de\/wp-json\/wp\/v2\/product_tag?post=27639"}],"curies":[{"name":"wp","href":"https:\/\/api.w.org\/{rel}","templated":true}]}}