{"id":27637,"date":"2025-04-28T19:53:31","date_gmt":"2025-04-28T17:53:31","guid":{"rendered":"https:\/\/www.juescha.de\/shop\/unkategorisiert\/kellnerboerse-7\/"},"modified":"2026-01-21T08:49:07","modified_gmt":"2026-01-21T07:49:07","slug":"kellnerboerse-7","status":"publish","type":"product","link":"https:\/\/www.juescha.de\/de_de\/shop\/alassio\/kellnerboerse-7\/","title":{"rendered":"Kellnerb\u00f6rse"},"content":{"rendered":"<h1>Kellnerb\u00f6rse <\/h1>\n<p>Sechs Scheinf\u00e4cher, M\u00fcnzfach, einem RV-Fach, Einsteckfach im R\u00fccken, dreifach verstellbares Stufenschloss.<br \/>\nDie Kellnerb\u00f6rse in Grau von Alassio ist ein elegantes und praktisches Accessoire f\u00fcr Kellnerinnen und Kellner. Sie ist aus hochwertigem Hunter Leder gefertigt und verf\u00fcgt \u00fcber eine strapazierf\u00e4hige und abwaschbare Oberfl\u00e4che. Die Kellnerb\u00f6rse hat eine Gr\u00f6\u00dfe von ca. 18,5 x 9,5 cm und bietet damit ausreichend Platz f\u00fcr Geld, Quittungen, Bestellzettel und Stifte. Innen befinden sich F\u00e4cher, die f\u00fcr eine geordnete Aufbewahrung der Geldschein sorgen.<\/p>\n","protected":false},"excerpt":{"rendered":"<ul>\n<li>Elegantes Hunter Leder in Grau<\/li>\n<li>6 Scheinf\u00e4cher, M\u00fcnz- &#038; RV-Fach, Einsteckfach<\/li>\n<li>Dreifach verstellbares Stufenschloss<\/li>\n<li>Ideal f\u00fcr Kellnerinnen &#038; Kellner im t\u00e4glichen Einsatz<\/li>\n<\/ul>\n","protected":false},"featured_media":10599,"template":"","meta":{"inline_featured_image":false},"product_brand":[],"product_cat":[1651],"product_tag":[],"class_list":{"0":"post-27637","1":"product","2":"type-product","3":"status-publish","4":"has-post-thumbnail","6":"product_cat-alassio","8":"first","9":"instock","10":"purchasable","11":"product-type-simple"},"_links":{"self":[{"href":"https:\/\/www.juescha.de\/de_de\/wp-json\/wp\/v2\/product\/27637","targetHints":{"allow":["GET"]}}],"collection":[{"href":"https:\/\/www.juescha.de\/de_de\/wp-json\/wp\/v2\/product"}],"about":[{"href":"https:\/\/www.juescha.de\/de_de\/wp-json\/wp\/v2\/types\/product"}],"version-history":[{"count":0,"href":"https:\/\/www.juescha.de\/de_de\/wp-json\/wp\/v2\/product\/27637\/revisions"}],"wp:featuredmedia":[{"embeddable":true,"href":"https:\/\/www.juescha.de\/de_de\/wp-json\/wp\/v2\/media\/10599"}],"wp:attachment":[{"href":"https:\/\/www.juescha.de\/de_de\/wp-json\/wp\/v2\/media?parent=27637"}],"wp:term":[{"taxonomy":"product_brand","embeddable":true,"href":"https:\/\/www.juescha.de\/de_de\/wp-json\/wp\/v2\/product_brand?post=27637"},{"taxonomy":"product_cat","embeddable":true,"href":"https:\/\/www.juescha.de\/de_de\/wp-json\/wp\/v2\/product_cat?post=27637"},{"taxonomy":"product_tag","embeddable":true,"href":"https:\/\/www.juescha.de\/de_de\/wp-json\/wp\/v2\/product_tag?post=27637"}],"curies":[{"name":"wp","href":"https:\/\/api.w.org\/{rel}","templated":true}]}}