{"id":27635,"date":"2025-04-28T19:53:30","date_gmt":"2025-04-28T17:53:30","guid":{"rendered":"https:\/\/www.juescha.de\/shop\/unkategorisiert\/kellnerboerse-6\/"},"modified":"2026-01-21T08:49:06","modified_gmt":"2026-01-21T07:49:06","slug":"kellnerboerse-6","status":"publish","type":"product","link":"https:\/\/www.juescha.de\/de_de\/shop\/alassio\/kellnerboerse-6\/","title":{"rendered":"Kellnerb\u00f6rse"},"content":{"rendered":"<h1>Kellnerb\u00f6rse <\/h1>\n<p>Sechs Scheinf\u00e4cher, M\u00fcnzfach, einem RV-Fach, Einsteckfach im R\u00fccken, dreifach verstellbares Stufenschloss, mit Metallkette.<br \/>\nDie Kellnerb\u00f6rse mit Metallkette von Alassio ist ein hochwertiges und praktisches Accessoire f\u00fcr Kellner und Gastronomie-Profis. Die B\u00f6rse ist in einem stilvollen Braunton gehalten und besteht aus robustem Hunter Leder. Die Kellnerb\u00f6rse verf\u00fcgt \u00fcber zahlreiche F\u00e4cher, die eine geordnete Aufbewahrung von Bargeld, Quittungen und anderen wichtigen Dokumenten erm\u00f6glichen. Dar\u00fcber hinaus ist die B\u00f6rse mit einer Metallkette ausgestattet, die es dem Tr\u00e4ger erm\u00f6glicht, sie sicher an der Kleidung zu befestigen und so vor Verlust oder Diebstahl zu sch\u00fctzen. Die B\u00f6rse eignet sich damit ideal f\u00fcr den t\u00e4glichen Einsatz in Restaurants, Bars und anderen gastronomischen Einrichtungen und ist ein unverzichtbares Arbeitswerkzeug f\u00fcr professionelle Kellner.<\/p>\n","protected":false},"excerpt":{"rendered":"<ul>\n<li>Aus robustem Hunter Leder in Braun<\/li>\n<li>6 Scheinf\u00e4cher, M\u00fcnzfach, RV-Fach, Einsteckfach<\/li>\n<li>Mit Metallkette &#038; dreifach verstellbarem Stufenschloss<\/li>\n<li>Ideal f\u00fcr den professionellen Gastronomieeinsatz<\/li>\n<\/ul>\n","protected":false},"featured_media":10590,"template":"","meta":{"inline_featured_image":false},"product_brand":[],"product_cat":[1651],"product_tag":[],"class_list":{"0":"post-27635","1":"product","2":"type-product","3":"status-publish","4":"has-post-thumbnail","6":"product_cat-alassio","8":"first","9":"instock","10":"purchasable","11":"product-type-simple"},"_links":{"self":[{"href":"https:\/\/www.juescha.de\/de_de\/wp-json\/wp\/v2\/product\/27635","targetHints":{"allow":["GET"]}}],"collection":[{"href":"https:\/\/www.juescha.de\/de_de\/wp-json\/wp\/v2\/product"}],"about":[{"href":"https:\/\/www.juescha.de\/de_de\/wp-json\/wp\/v2\/types\/product"}],"version-history":[{"count":0,"href":"https:\/\/www.juescha.de\/de_de\/wp-json\/wp\/v2\/product\/27635\/revisions"}],"wp:featuredmedia":[{"embeddable":true,"href":"https:\/\/www.juescha.de\/de_de\/wp-json\/wp\/v2\/media\/10590"}],"wp:attachment":[{"href":"https:\/\/www.juescha.de\/de_de\/wp-json\/wp\/v2\/media?parent=27635"}],"wp:term":[{"taxonomy":"product_brand","embeddable":true,"href":"https:\/\/www.juescha.de\/de_de\/wp-json\/wp\/v2\/product_brand?post=27635"},{"taxonomy":"product_cat","embeddable":true,"href":"https:\/\/www.juescha.de\/de_de\/wp-json\/wp\/v2\/product_cat?post=27635"},{"taxonomy":"product_tag","embeddable":true,"href":"https:\/\/www.juescha.de\/de_de\/wp-json\/wp\/v2\/product_tag?post=27635"}],"curies":[{"name":"wp","href":"https:\/\/api.w.org\/{rel}","templated":true}]}}