{"id":27634,"date":"2025-04-28T19:53:30","date_gmt":"2025-04-28T17:53:30","guid":{"rendered":"https:\/\/www.juescha.de\/shop\/unkategorisiert\/kellnerboerse-5\/"},"modified":"2026-01-21T08:49:07","modified_gmt":"2026-01-21T07:49:07","slug":"kellnerboerse-5","status":"publish","type":"product","link":"https:\/\/www.juescha.de\/de_de\/shop\/alassio\/kellnerboerse-5\/","title":{"rendered":"Kellnerb\u00f6rse"},"content":{"rendered":"<h1>Kellnerb\u00f6rse <\/h1>\n<p>Sechs Scheinf\u00e4cher, M\u00fcnzfach, einem RV-Fach, Einsteckfach im R\u00fccken, dreifach verstellbares Stufenschloss.<br \/>\nDie Kellnerb\u00f6rse in Braun von Alassio ist eine hochwertige Geldb\u00f6rse, die speziell f\u00fcr den Einsatz in der Gastronomie konzipiert wurde. Sie bietet gen\u00fcgend Platz f\u00fcr Geldscheine, M\u00fcnzen, Kreditkarten, Quittungen und sogar ein Notizblock. Die Au\u00dfenh\u00fclle der B\u00f6rse besteht aus robustem, braunem Hunter Leder, das sich angenehm anf\u00fchlt und optisch ansprechend ist. Im Inneren der B\u00f6rse befinden sich zahlreiche F\u00e4cher f\u00fcr Geldscheine und Quittungen. Die Kellnerb\u00f6rse hat eine Gr\u00f6\u00dfe von ca. 18,5 x 9,5 cm und kann dank ihrer kompakten Gr\u00f6\u00dfe leicht in einer Hosentasche oder einer G\u00fcrteltasche verstaut werden. Die Kellnerb\u00f6rse in Braun von Alassio ist somit eine beliebte Wahl unter Gastronomie-Mitarbeitern.<\/p>\n","protected":false},"excerpt":{"rendered":"<ul>\n<li>Robustes Hunter Leder in Braun<\/li>\n<li>6 Scheinf\u00e4cher, M\u00fcnzfach, RV-Fach, Einsteckfach<\/li>\n<li>Dreifach verstellbares Stufenschloss<\/li>\n<li>Gr\u00f6\u00dfe: ca. 18,5 x 9,5 cm \u2013 kompakt &#038; praktisch<\/li>\n<\/ul>\n","protected":false},"featured_media":10590,"template":"","meta":{"inline_featured_image":false},"product_brand":[],"product_cat":[1651],"product_tag":[],"class_list":{"0":"post-27634","1":"product","2":"type-product","3":"status-publish","4":"has-post-thumbnail","6":"product_cat-alassio","8":"first","9":"instock","10":"purchasable","11":"product-type-simple"},"_links":{"self":[{"href":"https:\/\/www.juescha.de\/de_de\/wp-json\/wp\/v2\/product\/27634","targetHints":{"allow":["GET"]}}],"collection":[{"href":"https:\/\/www.juescha.de\/de_de\/wp-json\/wp\/v2\/product"}],"about":[{"href":"https:\/\/www.juescha.de\/de_de\/wp-json\/wp\/v2\/types\/product"}],"version-history":[{"count":0,"href":"https:\/\/www.juescha.de\/de_de\/wp-json\/wp\/v2\/product\/27634\/revisions"}],"wp:featuredmedia":[{"embeddable":true,"href":"https:\/\/www.juescha.de\/de_de\/wp-json\/wp\/v2\/media\/10590"}],"wp:attachment":[{"href":"https:\/\/www.juescha.de\/de_de\/wp-json\/wp\/v2\/media?parent=27634"}],"wp:term":[{"taxonomy":"product_brand","embeddable":true,"href":"https:\/\/www.juescha.de\/de_de\/wp-json\/wp\/v2\/product_brand?post=27634"},{"taxonomy":"product_cat","embeddable":true,"href":"https:\/\/www.juescha.de\/de_de\/wp-json\/wp\/v2\/product_cat?post=27634"},{"taxonomy":"product_tag","embeddable":true,"href":"https:\/\/www.juescha.de\/de_de\/wp-json\/wp\/v2\/product_tag?post=27634"}],"curies":[{"name":"wp","href":"https:\/\/api.w.org\/{rel}","templated":true}]}}