{"id":27632,"date":"2025-04-28T19:53:30","date_gmt":"2025-04-28T17:53:30","guid":{"rendered":"https:\/\/www.juescha.de\/shop\/unkategorisiert\/bank-utensilientasche-3\/"},"modified":"2026-01-21T08:49:05","modified_gmt":"2026-01-21T07:49:05","slug":"bank-utensilientasche-3","status":"publish","type":"product","link":"https:\/\/www.juescha.de\/de_de\/shop\/alassio\/bank-utensilientasche-3\/","title":{"rendered":"Bank-Utensilientasche"},"content":{"rendered":"<h1>Bank-Utensilientasche mit Rei\u00dfverschluss <\/h1>\n<p>Die Bank-Utensilientasche in schwarz von Alassio ist eine hochwertige und praktische Tasche, die speziell f\u00fcr den sicheren Transport von Geld und anderen Bankutensilien entwickelt wurde. Die Tasche besteht aus robustem, strapazierf\u00e4higem Lederimitat in Schwarz und hat eine Gr\u00f6\u00dfe von 23 x 16 cm.Die Tasche verf\u00fcgt \u00fcber einen ger\u00e4umigen Innenraum um Geld sicher aufzubewahren. Die Tasche ist ein gute Wahl f\u00fcr jemanden, der sein Geld oder wichtige Gegenst\u00e4nde optimal verwahren m\u00f6chte.<\/p>\n","protected":false},"excerpt":{"rendered":"<ul>\n<li>Strapazierf\u00e4higes schwarzes Lederimitat<\/li>\n<li>Gr\u00f6\u00dfe ca. 23 x 16 cm<\/li>\n<li>Mit stabilem Rei\u00dfverschluss<\/li>\n<li>Ideal f\u00fcr Geld &#038; wichtige Utensilien<\/li>\n<\/ul>\n","protected":false},"featured_media":10588,"template":"","meta":{"inline_featured_image":false},"product_brand":[],"product_cat":[1651],"product_tag":[],"class_list":{"0":"post-27632","1":"product","2":"type-product","3":"status-publish","4":"has-post-thumbnail","6":"product_cat-alassio","8":"first","9":"instock","10":"purchasable","11":"product-type-simple"},"_links":{"self":[{"href":"https:\/\/www.juescha.de\/de_de\/wp-json\/wp\/v2\/product\/27632","targetHints":{"allow":["GET"]}}],"collection":[{"href":"https:\/\/www.juescha.de\/de_de\/wp-json\/wp\/v2\/product"}],"about":[{"href":"https:\/\/www.juescha.de\/de_de\/wp-json\/wp\/v2\/types\/product"}],"version-history":[{"count":0,"href":"https:\/\/www.juescha.de\/de_de\/wp-json\/wp\/v2\/product\/27632\/revisions"}],"wp:featuredmedia":[{"embeddable":true,"href":"https:\/\/www.juescha.de\/de_de\/wp-json\/wp\/v2\/media\/10588"}],"wp:attachment":[{"href":"https:\/\/www.juescha.de\/de_de\/wp-json\/wp\/v2\/media?parent=27632"}],"wp:term":[{"taxonomy":"product_brand","embeddable":true,"href":"https:\/\/www.juescha.de\/de_de\/wp-json\/wp\/v2\/product_brand?post=27632"},{"taxonomy":"product_cat","embeddable":true,"href":"https:\/\/www.juescha.de\/de_de\/wp-json\/wp\/v2\/product_cat?post=27632"},{"taxonomy":"product_tag","embeddable":true,"href":"https:\/\/www.juescha.de\/de_de\/wp-json\/wp\/v2\/product_tag?post=27632"}],"curies":[{"name":"wp","href":"https:\/\/api.w.org\/{rel}","templated":true}]}}