{"id":27631,"date":"2025-04-28T19:53:30","date_gmt":"2025-04-28T17:53:30","guid":{"rendered":"https:\/\/www.juescha.de\/shop\/unkategorisiert\/bank-utensilientasche-2\/"},"modified":"2026-01-21T08:49:05","modified_gmt":"2026-01-21T07:49:05","slug":"bank-utensilientasche-2","status":"publish","type":"product","link":"https:\/\/www.juescha.de\/de_de\/shop\/alassio\/bank-utensilientasche-2\/","title":{"rendered":"Bank-Utensilientasche"},"content":{"rendered":"<h1>Bank-Utensilientasche <\/h1>\n<p>Rei\u00dfverschluss, Vortasche<br \/>\nDie Bank-Utensilientasche in schwarz von Alassio ist eine hochwertige Tasche, die speziell f\u00fcr den professionellen Einsatz im Bankwesen entwickelt wurde. Die Tasche besteht aus strapazierf\u00e4higem Leder und verf\u00fcgt \u00fcber eine elegante schwarze Farbe. Die Tasche ist 25 x 19 cm gro\u00df, was genug Platz bietet, um all Ihre Bank-Utensilien wie z.B. Geldscheine, M\u00fcnzen, Kugelschreiber und Visitenkarten sicher zu verstauen. Zus\u00e4tzlich verf\u00fcgt die Taschr eine Vortasche zum weiteren verstauen. Die Tasche ist eine ausgezeichnete Wahl f\u00fcr jeden, der in der Bankbranche arbeitet oder h\u00e4ufig Bankgesch\u00e4fte t\u00e4tigt und eine sichere und organisierte M\u00f6glichkeit ben\u00f6tigt, um seine Bank-Utensilien zu transportieren.<\/p>\n","protected":false},"excerpt":{"rendered":"<ul>\n<li>Hochwertiges, schwarzes Leder<\/li>\n<li>Hauptfach mit Rei\u00dfverschluss<\/li>\n<li>Zus\u00e4tzliche Vortasche f\u00fcr mehr Stauraum<\/li>\n<li>Ideal f\u00fcr Bankunterlagen, M\u00fcnzen &#038; Zubeh\u00f6r<\/li>\n<\/ul>\n","protected":false},"featured_media":10586,"template":"","meta":{"inline_featured_image":false},"product_brand":[],"product_cat":[1651],"product_tag":[],"class_list":{"0":"post-27631","1":"product","2":"type-product","3":"status-publish","4":"has-post-thumbnail","6":"product_cat-alassio","8":"first","9":"instock","10":"purchasable","11":"product-type-simple"},"_links":{"self":[{"href":"https:\/\/www.juescha.de\/de_de\/wp-json\/wp\/v2\/product\/27631","targetHints":{"allow":["GET"]}}],"collection":[{"href":"https:\/\/www.juescha.de\/de_de\/wp-json\/wp\/v2\/product"}],"about":[{"href":"https:\/\/www.juescha.de\/de_de\/wp-json\/wp\/v2\/types\/product"}],"version-history":[{"count":0,"href":"https:\/\/www.juescha.de\/de_de\/wp-json\/wp\/v2\/product\/27631\/revisions"}],"wp:featuredmedia":[{"embeddable":true,"href":"https:\/\/www.juescha.de\/de_de\/wp-json\/wp\/v2\/media\/10586"}],"wp:attachment":[{"href":"https:\/\/www.juescha.de\/de_de\/wp-json\/wp\/v2\/media?parent=27631"}],"wp:term":[{"taxonomy":"product_brand","embeddable":true,"href":"https:\/\/www.juescha.de\/de_de\/wp-json\/wp\/v2\/product_brand?post=27631"},{"taxonomy":"product_cat","embeddable":true,"href":"https:\/\/www.juescha.de\/de_de\/wp-json\/wp\/v2\/product_cat?post=27631"},{"taxonomy":"product_tag","embeddable":true,"href":"https:\/\/www.juescha.de\/de_de\/wp-json\/wp\/v2\/product_tag?post=27631"}],"curies":[{"name":"wp","href":"https:\/\/api.w.org\/{rel}","templated":true}]}}