{"id":27630,"date":"2025-04-28T19:53:29","date_gmt":"2025-04-28T17:53:29","guid":{"rendered":"https:\/\/www.juescha.de\/shop\/unkategorisiert\/bank-utensilientasche\/"},"modified":"2026-01-21T08:49:05","modified_gmt":"2026-01-21T07:49:05","slug":"bank-utensilientasche","status":"publish","type":"product","link":"https:\/\/www.juescha.de\/de_de\/shop\/alassio\/bank-utensilientasche\/","title":{"rendered":"Bank-Utensilientasche"},"content":{"rendered":"<h1>Bank-Utensilientasche <\/h1>\n<p>Rei\u00dfverschluss, Vortasche<br \/>\nDie Bank-Utensilientasche von Alassio ist eine hochwertige Tasche, die speziell f\u00fcr den Transport von Bank- und B\u00fcromaterialien entwickelt wurde. Sie ist in der Farbe Schwarz erh\u00e4ltlich und besteht aus robustem, strapazierf\u00e4higem Material. Die Tasche ist mit einem Rei\u00dfverschluss ausgestattet, um einen einfachen Zugang zum Innenraum zu erm\u00f6glichen. Der Innenraum ist speziell f\u00fcr die Aufbewahrung von Stiften, Scheren, Linealen, Taschenrechnern und anderen B\u00fcromaterialien konzipiert worden.Die Bank-Utensilientasche ist perfekt f\u00fcr Bankangestellte, aber auch f\u00fcr alle, die viel unterwegs sind und ihre B\u00fcromaterialien sicher und geordnet aufbewahren m\u00f6chten. Sie hat eine Gr\u00f6\u00dfe von 25 x 19 cm und ist leicht zu transportieren.<\/p>\n","protected":false},"excerpt":{"rendered":"<ul>\n<li>Robustes, schwarzes Material<\/li>\n<li>Hauptfach mit Rei\u00dfverschluss<\/li>\n<li>Zus\u00e4tzliche Vortasche<\/li>\n<li>Ideal f\u00fcr B\u00fcro- und Bankutensilien<\/li>\n<\/ul>\n","protected":false},"featured_media":10586,"template":"","meta":{"inline_featured_image":false},"product_brand":[],"product_cat":[1651],"product_tag":[],"class_list":{"0":"post-27630","1":"product","2":"type-product","3":"status-publish","4":"has-post-thumbnail","6":"product_cat-alassio","8":"first","9":"instock","10":"purchasable","11":"product-type-simple"},"_links":{"self":[{"href":"https:\/\/www.juescha.de\/de_de\/wp-json\/wp\/v2\/product\/27630","targetHints":{"allow":["GET"]}}],"collection":[{"href":"https:\/\/www.juescha.de\/de_de\/wp-json\/wp\/v2\/product"}],"about":[{"href":"https:\/\/www.juescha.de\/de_de\/wp-json\/wp\/v2\/types\/product"}],"version-history":[{"count":0,"href":"https:\/\/www.juescha.de\/de_de\/wp-json\/wp\/v2\/product\/27630\/revisions"}],"wp:featuredmedia":[{"embeddable":true,"href":"https:\/\/www.juescha.de\/de_de\/wp-json\/wp\/v2\/media\/10586"}],"wp:attachment":[{"href":"https:\/\/www.juescha.de\/de_de\/wp-json\/wp\/v2\/media?parent=27630"}],"wp:term":[{"taxonomy":"product_brand","embeddable":true,"href":"https:\/\/www.juescha.de\/de_de\/wp-json\/wp\/v2\/product_brand?post=27630"},{"taxonomy":"product_cat","embeddable":true,"href":"https:\/\/www.juescha.de\/de_de\/wp-json\/wp\/v2\/product_cat?post=27630"},{"taxonomy":"product_tag","embeddable":true,"href":"https:\/\/www.juescha.de\/de_de\/wp-json\/wp\/v2\/product_tag?post=27630"}],"curies":[{"name":"wp","href":"https:\/\/api.w.org\/{rel}","templated":true}]}}