{"id":27629,"date":"2025-04-28T19:53:29","date_gmt":"2025-04-28T17:53:29","guid":{"rendered":"https:\/\/www.juescha.de\/shop\/unkategorisiert\/kellnerboerse-4\/"},"modified":"2026-01-21T08:49:10","modified_gmt":"2026-01-21T07:49:10","slug":"kellnerboerse-4","status":"publish","type":"product","link":"https:\/\/www.juescha.de\/de_de\/shop\/alassio\/kellnerboerse-4\/","title":{"rendered":"Kellnerb\u00f6rse"},"content":{"rendered":"<h1>Kellnerb\u00f6rse <\/h1>\n<p>F\u00fcnf Scheinf\u00e4cher, M\u00fcnzfach, einem RV-Fach, Klarsichtfach im R\u00fccken, dreifach verstellbares Stufenschloss, mit Metallkette.<br \/>\nDie Kellnerb\u00f6rse mit Metallkette in Schwarz von Alassio ist ein hochwertiges und praktisches Accessoire f\u00fcr Kellnerinnen und Kellner. Sie besteht aus robustem und strapazierf\u00e4higem Leder in elegantem Schwarz und verf\u00fcgt \u00fcber eine praktische Metallkette, die es erm\u00f6glicht, die B\u00f6rse sicher an der Kleidung zu befestigen.<br \/>\nDie Kellnerb\u00f6rse verf\u00fcgt \u00fcber eine Vielzahl von F\u00e4chern und Taschen, die perfekt auf die Bed\u00fcrfnisse von Kellnerinnen und Kellnern abgestimmt sind. Es gibt separate F\u00e4cher f\u00fcr M\u00fcnzen, Scheine und Kreditkarten,<br \/>\nDie Kellnerb\u00f6rse von Alassio ist von hoher Qualit\u00e4t und wurde sorgf\u00e4ltig verarbeitet. Die Metallkette und der Rei\u00dfverschluss sind robust und langlebig und sorgen daf\u00fcr, dass die B\u00f6rse sicher verschlossen bleibt. Die B\u00f6rse ist au\u00dferdem sehr kompakt und passt bequem in die Tasche oder kann einfach an der Kleidung befestigt werden.<\/p>\n","protected":false},"excerpt":{"rendered":"<ul>\n<li>5 Scheinf\u00e4cher, M\u00fcnzfach, RV-Fach<\/li>\n<li>Klarsichtfach im R\u00fccken<\/li>\n<li>Mit robuster Metallkette<\/li>\n<li>Dreifach verstellbares Stufenschloss<\/li>\n<\/ul>\n","protected":false},"featured_media":10584,"template":"","meta":{"inline_featured_image":false},"product_brand":[],"product_cat":[1651],"product_tag":[],"class_list":{"0":"post-27629","1":"product","2":"type-product","3":"status-publish","4":"has-post-thumbnail","6":"product_cat-alassio","8":"first","9":"instock","10":"purchasable","11":"product-type-simple"},"_links":{"self":[{"href":"https:\/\/www.juescha.de\/de_de\/wp-json\/wp\/v2\/product\/27629","targetHints":{"allow":["GET"]}}],"collection":[{"href":"https:\/\/www.juescha.de\/de_de\/wp-json\/wp\/v2\/product"}],"about":[{"href":"https:\/\/www.juescha.de\/de_de\/wp-json\/wp\/v2\/types\/product"}],"version-history":[{"count":0,"href":"https:\/\/www.juescha.de\/de_de\/wp-json\/wp\/v2\/product\/27629\/revisions"}],"wp:featuredmedia":[{"embeddable":true,"href":"https:\/\/www.juescha.de\/de_de\/wp-json\/wp\/v2\/media\/10584"}],"wp:attachment":[{"href":"https:\/\/www.juescha.de\/de_de\/wp-json\/wp\/v2\/media?parent=27629"}],"wp:term":[{"taxonomy":"product_brand","embeddable":true,"href":"https:\/\/www.juescha.de\/de_de\/wp-json\/wp\/v2\/product_brand?post=27629"},{"taxonomy":"product_cat","embeddable":true,"href":"https:\/\/www.juescha.de\/de_de\/wp-json\/wp\/v2\/product_cat?post=27629"},{"taxonomy":"product_tag","embeddable":true,"href":"https:\/\/www.juescha.de\/de_de\/wp-json\/wp\/v2\/product_tag?post=27629"}],"curies":[{"name":"wp","href":"https:\/\/api.w.org\/{rel}","templated":true}]}}