{"id":27628,"date":"2025-04-28T19:53:29","date_gmt":"2025-04-28T17:53:29","guid":{"rendered":"https:\/\/www.juescha.de\/shop\/unkategorisiert\/kellnerboerse-3\/"},"modified":"2026-01-21T08:49:10","modified_gmt":"2026-01-21T07:49:10","slug":"kellnerboerse-3","status":"publish","type":"product","link":"https:\/\/www.juescha.de\/de_de\/shop\/alassio\/kellnerboerse-3\/","title":{"rendered":"Kellnerb\u00f6rse"},"content":{"rendered":"<h1>Kellnerb\u00f6rse <\/h1>\n<p>F\u00fcnf Scheinf\u00e4cher, M\u00fcnzfach, einem RV-Fach, Klarsichtfach im R\u00fccken, dreifach verstellbares Stufenschloss.<br \/>\nDie Kellnerb\u00f6rse von Alassio ist eine elegante und funktionale Brieftasche f\u00fcr Kellner und Servicekr\u00e4fte. Sie ist in Schwarz gehalten und besteht aus hochwertigem Leder.<br \/>\nDie B\u00f6rse verf\u00fcgt \u00fcber verschiedene F\u00e4cher und Taschen, die speziell f\u00fcr den Einsatz in der Gastronomie konzipiert wurden. In der Mitte der B\u00f6rse befinden sich ein gro\u00dfe Scheinf\u00e4cher, die Platz f\u00fcr Geldscheine und Quittungen bietet. Au\u00dferdem gibt es ein gro\u00dfes Fach, in der sich M\u00fcnzen und andere kleine Gegenst\u00e4nde verstauen lassen.Die Kellnerb\u00f6rse von Alassio ist robust und strapazierf\u00e4hig, so dass sie den hohen Anforderungen des t\u00e4glichen Einsatzes in der Gastronomie standh\u00e4lt.<\/p>\n","protected":false},"excerpt":{"rendered":"<ul>\n<li>Hochwertiges Leder in Schwarz<\/li>\n<li>5 Scheinf\u00e4cher, M\u00fcnzfach, RV-Fach<\/li>\n<li>Klarsichtfach im R\u00fccken<\/li>\n<li>Dreifach verstellbares Stufenschloss<\/li>\n<\/ul>\n","protected":false},"featured_media":10584,"template":"","meta":{"inline_featured_image":false},"product_brand":[],"product_cat":[1651],"product_tag":[],"class_list":{"0":"post-27628","1":"product","2":"type-product","3":"status-publish","4":"has-post-thumbnail","6":"product_cat-alassio","8":"first","9":"instock","10":"purchasable","11":"product-type-simple"},"_links":{"self":[{"href":"https:\/\/www.juescha.de\/de_de\/wp-json\/wp\/v2\/product\/27628","targetHints":{"allow":["GET"]}}],"collection":[{"href":"https:\/\/www.juescha.de\/de_de\/wp-json\/wp\/v2\/product"}],"about":[{"href":"https:\/\/www.juescha.de\/de_de\/wp-json\/wp\/v2\/types\/product"}],"version-history":[{"count":0,"href":"https:\/\/www.juescha.de\/de_de\/wp-json\/wp\/v2\/product\/27628\/revisions"}],"wp:featuredmedia":[{"embeddable":true,"href":"https:\/\/www.juescha.de\/de_de\/wp-json\/wp\/v2\/media\/10584"}],"wp:attachment":[{"href":"https:\/\/www.juescha.de\/de_de\/wp-json\/wp\/v2\/media?parent=27628"}],"wp:term":[{"taxonomy":"product_brand","embeddable":true,"href":"https:\/\/www.juescha.de\/de_de\/wp-json\/wp\/v2\/product_brand?post=27628"},{"taxonomy":"product_cat","embeddable":true,"href":"https:\/\/www.juescha.de\/de_de\/wp-json\/wp\/v2\/product_cat?post=27628"},{"taxonomy":"product_tag","embeddable":true,"href":"https:\/\/www.juescha.de\/de_de\/wp-json\/wp\/v2\/product_tag?post=27628"}],"curies":[{"name":"wp","href":"https:\/\/api.w.org\/{rel}","templated":true}]}}