{"id":27627,"date":"2025-04-28T19:53:29","date_gmt":"2025-04-28T17:53:29","guid":{"rendered":"https:\/\/www.juescha.de\/shop\/unkategorisiert\/kellnerboerse-2\/"},"modified":"2026-01-21T08:49:10","modified_gmt":"2026-01-21T07:49:10","slug":"kellnerboerse-2","status":"publish","type":"product","link":"https:\/\/www.juescha.de\/de_de\/shop\/alassio\/kellnerboerse-2\/","title":{"rendered":"Kellnerb\u00f6rse"},"content":{"rendered":"<h1>Kellnerb\u00f6rse <\/h1>\n<p>Sechs Scheinf\u00e4cher, M\u00fcnzfach, einem RV-Fach, Einsteckfach im R\u00fccken, dreifach verstellbares Stufenschloss, mit Metallkette.<br \/>\nDie Kellnerb\u00f6rse mit Metallkette in schwarz von Alassio ist ein praktisches und stilvolles Accessoire f\u00fcr Kellner und Gastronomie-Profis. Die B\u00f6rse ist aus hochwertigem Nappaleder gefertigt und hat eine robuste Metallkette zur Befestigung an der Kleidung.Die Kellnerb\u00f6rse hat eine Gr\u00f6\u00dfe von ca. 18,5 x 9,5 cm. Das Innere der B\u00f6rse ist in verschiedene F\u00e4cher unterteilt, um Scheine, M\u00fcnzen und Kreditkarten geordnet zu halten. Die Kellnerb\u00f6rse ist mit einer Kette versehen, die aus stabilem Metall besteht und einfach an der Kleidung befestigt werden kann, um die B\u00f6rse sicher und bequem bei sich zu tragen.<br \/>\nSie ist ein praktisches und stilvolles Accessoire f\u00fcr Kellner und Gastronomie-Profis, das f\u00fcr Ordnung und Sicherheit sorgt und gleichzeitig ein professionelles Auftreten erm\u00f6glicht.<\/p>\n","protected":false},"excerpt":{"rendered":"<ul>\n<li>Hochwertiges Nappaleder in Schwarz<\/li>\n<li>6 Scheinf\u00e4cher, M\u00fcnzfach, RV-Fach, Einsteckfach<\/li>\n<li>Mit stabiler Metallkette zur Befestigung<\/li>\n<li>Dreifach verstellbares Stufenschloss<\/li>\n<\/ul>\n","protected":false},"featured_media":10584,"template":"","meta":{"inline_featured_image":false},"product_brand":[],"product_cat":[1651],"product_tag":[],"class_list":{"0":"post-27627","1":"product","2":"type-product","3":"status-publish","4":"has-post-thumbnail","6":"product_cat-alassio","8":"first","9":"instock","10":"purchasable","11":"product-type-simple"},"_links":{"self":[{"href":"https:\/\/www.juescha.de\/de_de\/wp-json\/wp\/v2\/product\/27627","targetHints":{"allow":["GET"]}}],"collection":[{"href":"https:\/\/www.juescha.de\/de_de\/wp-json\/wp\/v2\/product"}],"about":[{"href":"https:\/\/www.juescha.de\/de_de\/wp-json\/wp\/v2\/types\/product"}],"version-history":[{"count":0,"href":"https:\/\/www.juescha.de\/de_de\/wp-json\/wp\/v2\/product\/27627\/revisions"}],"wp:featuredmedia":[{"embeddable":true,"href":"https:\/\/www.juescha.de\/de_de\/wp-json\/wp\/v2\/media\/10584"}],"wp:attachment":[{"href":"https:\/\/www.juescha.de\/de_de\/wp-json\/wp\/v2\/media?parent=27627"}],"wp:term":[{"taxonomy":"product_brand","embeddable":true,"href":"https:\/\/www.juescha.de\/de_de\/wp-json\/wp\/v2\/product_brand?post=27627"},{"taxonomy":"product_cat","embeddable":true,"href":"https:\/\/www.juescha.de\/de_de\/wp-json\/wp\/v2\/product_cat?post=27627"},{"taxonomy":"product_tag","embeddable":true,"href":"https:\/\/www.juescha.de\/de_de\/wp-json\/wp\/v2\/product_tag?post=27627"}],"curies":[{"name":"wp","href":"https:\/\/api.w.org\/{rel}","templated":true}]}}