{"id":27626,"date":"2025-04-28T19:53:28","date_gmt":"2025-04-28T17:53:28","guid":{"rendered":"https:\/\/www.juescha.de\/shop\/unkategorisiert\/kellnerboerse\/"},"modified":"2026-01-21T08:49:10","modified_gmt":"2026-01-21T07:49:10","slug":"kellnerboerse","status":"publish","type":"product","link":"https:\/\/www.juescha.de\/de_de\/shop\/alassio\/kellnerboerse\/","title":{"rendered":"Kellnerb\u00f6rse"},"content":{"rendered":"<h1>Kellnerb\u00f6rse <\/h1>\n<p>Sechs Scheinf\u00e4cher, M\u00fcnzfach, einem RV-Fach, Einsteckfach im R\u00fccken, dreifach verstellbares Stufenschloss.<br \/>\nDie Kellnerb\u00f6rse in schwarz von Alassio ist ein praktisches Accessoire f\u00fcr Kellner und Servicekr\u00e4fte, um Geld und Bestellungsnotizen sicher und \u00fcbersichtlich zu verstauen. Die B\u00f6rse hat eine elegante schwarze Farbe und ist aus hochwertigem Nappaleder gefertigt. Sie ist robust und strapazierf\u00e4hig, sodass sie den t\u00e4glichen Anforderungen im Servicebereich standh\u00e4lt.Die Kellnerb\u00f6rse verf\u00fcgt \u00fcber verschiedene F\u00e4cher und Einsch\u00fcbe, um Geldscheine, M\u00fcnzen und Kreditkarten ordentlich aufzubewahren. Sie ist mit einem dreifach verstellbaren Stufenschloss ausgestattet, um das Verlieren von Inhalten zu verhindern.<\/p>\n","protected":false},"excerpt":{"rendered":"<ul>\n<li>Aus robustem Nappaleder in Schwarz<\/li>\n<li>6 Scheinf\u00e4cher, M\u00fcnzfach, RV-Fach, Einsteckfach hinten<\/li>\n<li>Ideal f\u00fcr Servicekr\u00e4fte und Kellner<\/li>\n<li>Mit dreifach verstellbarem Stufenschloss<\/li>\n<\/ul>\n","protected":false},"featured_media":10584,"template":"","meta":{"inline_featured_image":false},"product_brand":[],"product_cat":[1651],"product_tag":[],"class_list":{"0":"post-27626","1":"product","2":"type-product","3":"status-publish","4":"has-post-thumbnail","6":"product_cat-alassio","8":"first","9":"instock","10":"purchasable","11":"product-type-simple"},"_links":{"self":[{"href":"https:\/\/www.juescha.de\/de_de\/wp-json\/wp\/v2\/product\/27626","targetHints":{"allow":["GET"]}}],"collection":[{"href":"https:\/\/www.juescha.de\/de_de\/wp-json\/wp\/v2\/product"}],"about":[{"href":"https:\/\/www.juescha.de\/de_de\/wp-json\/wp\/v2\/types\/product"}],"version-history":[{"count":0,"href":"https:\/\/www.juescha.de\/de_de\/wp-json\/wp\/v2\/product\/27626\/revisions"}],"wp:featuredmedia":[{"embeddable":true,"href":"https:\/\/www.juescha.de\/de_de\/wp-json\/wp\/v2\/media\/10584"}],"wp:attachment":[{"href":"https:\/\/www.juescha.de\/de_de\/wp-json\/wp\/v2\/media?parent=27626"}],"wp:term":[{"taxonomy":"product_brand","embeddable":true,"href":"https:\/\/www.juescha.de\/de_de\/wp-json\/wp\/v2\/product_brand?post=27626"},{"taxonomy":"product_cat","embeddable":true,"href":"https:\/\/www.juescha.de\/de_de\/wp-json\/wp\/v2\/product_cat?post=27626"},{"taxonomy":"product_tag","embeddable":true,"href":"https:\/\/www.juescha.de\/de_de\/wp-json\/wp\/v2\/product_tag?post=27626"}],"curies":[{"name":"wp","href":"https:\/\/api.w.org\/{rel}","templated":true}]}}