{"id":27624,"date":"2025-04-28T19:53:28","date_gmt":"2025-04-28T17:53:28","guid":{"rendered":"https:\/\/www.juescha.de\/shop\/unkategorisiert\/schluesseletui-mit-zwei-faechern-2\/"},"modified":"2026-01-21T08:49:02","modified_gmt":"2026-01-21T07:49:02","slug":"schluesseletui-mit-zwei-faechern-2","status":"publish","type":"product","link":"https:\/\/www.juescha.de\/de_de\/shop\/alassio\/schluesseletui-mit-zwei-faechern-2\/","title":{"rendered":"Schl\u00fcsseletui mit zwei F\u00e4chern"},"content":{"rendered":"<h1>Schl\u00fcsseletui mit zwei F\u00e4chern<\/h1>\n<p>Rei\u00dfverschlussfach mit einem Schl\u00fcsselring, zus\u00e4tzliches Rei\u00dfverschlussfach<\/p>\n","protected":false},"excerpt":{"rendered":"<ul>\n<li>Rei\u00dfverschlussfach mit Schl\u00fcsselring<\/li>\n<li>Zus\u00e4tzliches Rei\u00dfverschlussfach vorne<\/li>\n<li>Kompakte Gr\u00f6\u00dfe, ideal f\u00fcr unterwegs<\/li>\n<li>Aus hochwertigem Leder gefertigt<\/li>\n<\/ul>\n","protected":false},"featured_media":28326,"template":"","meta":{"inline_featured_image":false},"product_brand":[],"product_cat":[1651],"product_tag":[],"class_list":{"0":"post-27624","1":"product","2":"type-product","3":"status-publish","4":"has-post-thumbnail","6":"product_cat-alassio","8":"first","9":"instock","10":"purchasable","11":"product-type-simple"},"_links":{"self":[{"href":"https:\/\/www.juescha.de\/de_de\/wp-json\/wp\/v2\/product\/27624","targetHints":{"allow":["GET"]}}],"collection":[{"href":"https:\/\/www.juescha.de\/de_de\/wp-json\/wp\/v2\/product"}],"about":[{"href":"https:\/\/www.juescha.de\/de_de\/wp-json\/wp\/v2\/types\/product"}],"version-history":[{"count":0,"href":"https:\/\/www.juescha.de\/de_de\/wp-json\/wp\/v2\/product\/27624\/revisions"}],"wp:featuredmedia":[{"embeddable":true,"href":"https:\/\/www.juescha.de\/de_de\/wp-json\/wp\/v2\/media\/28326"}],"wp:attachment":[{"href":"https:\/\/www.juescha.de\/de_de\/wp-json\/wp\/v2\/media?parent=27624"}],"wp:term":[{"taxonomy":"product_brand","embeddable":true,"href":"https:\/\/www.juescha.de\/de_de\/wp-json\/wp\/v2\/product_brand?post=27624"},{"taxonomy":"product_cat","embeddable":true,"href":"https:\/\/www.juescha.de\/de_de\/wp-json\/wp\/v2\/product_cat?post=27624"},{"taxonomy":"product_tag","embeddable":true,"href":"https:\/\/www.juescha.de\/de_de\/wp-json\/wp\/v2\/product_tag?post=27624"}],"curies":[{"name":"wp","href":"https:\/\/api.w.org\/{rel}","templated":true}]}}