{"id":27622,"date":"2025-04-28T19:53:28","date_gmt":"2025-04-28T17:53:28","guid":{"rendered":"https:\/\/www.juescha.de\/shop\/unkategorisiert\/schluesseletui-3\/"},"modified":"2026-01-21T08:49:02","modified_gmt":"2026-01-21T07:49:02","slug":"schluesseletui-3","status":"publish","type":"product","link":"https:\/\/www.juescha.de\/de_de\/shop\/alassio\/schluesseletui-3\/","title":{"rendered":"Schl\u00fcsseletui"},"content":{"rendered":"<h1>Schl\u00fcsseletui mit Vorfach<\/h1>\n<p>Rei\u00dfverschluss Hauptfach mit zwei Schl\u00fcsselringen, ein weiteres Rei\u00dfverschlu\u00dffach auf der Vorderseite<\/p>\n","protected":false},"excerpt":{"rendered":"<ul>\n<li>Hochwertiges Etui aus Hunter Leder<\/li>\n<li>Hauptfach mit zwei Schl\u00fcsselringen<\/li>\n<li>Zus\u00e4tzliches Rei\u00dfverschlussfach vorne<\/li>\n<li>Kompakt, sicher &#038; ideal f\u00fcr unterwegs<\/li>\n<\/ul>\n","protected":false},"featured_media":28316,"template":"","meta":{"inline_featured_image":false},"product_brand":[],"product_cat":[1651],"product_tag":[],"class_list":{"0":"post-27622","1":"product","2":"type-product","3":"status-publish","4":"has-post-thumbnail","6":"product_cat-alassio","8":"first","9":"instock","10":"purchasable","11":"product-type-simple"},"_links":{"self":[{"href":"https:\/\/www.juescha.de\/de_de\/wp-json\/wp\/v2\/product\/27622","targetHints":{"allow":["GET"]}}],"collection":[{"href":"https:\/\/www.juescha.de\/de_de\/wp-json\/wp\/v2\/product"}],"about":[{"href":"https:\/\/www.juescha.de\/de_de\/wp-json\/wp\/v2\/types\/product"}],"version-history":[{"count":0,"href":"https:\/\/www.juescha.de\/de_de\/wp-json\/wp\/v2\/product\/27622\/revisions"}],"wp:featuredmedia":[{"embeddable":true,"href":"https:\/\/www.juescha.de\/de_de\/wp-json\/wp\/v2\/media\/28316"}],"wp:attachment":[{"href":"https:\/\/www.juescha.de\/de_de\/wp-json\/wp\/v2\/media?parent=27622"}],"wp:term":[{"taxonomy":"product_brand","embeddable":true,"href":"https:\/\/www.juescha.de\/de_de\/wp-json\/wp\/v2\/product_brand?post=27622"},{"taxonomy":"product_cat","embeddable":true,"href":"https:\/\/www.juescha.de\/de_de\/wp-json\/wp\/v2\/product_cat?post=27622"},{"taxonomy":"product_tag","embeddable":true,"href":"https:\/\/www.juescha.de\/de_de\/wp-json\/wp\/v2\/product_tag?post=27622"}],"curies":[{"name":"wp","href":"https:\/\/api.w.org\/{rel}","templated":true}]}}