{"id":27620,"date":"2025-04-28T19:53:26","date_gmt":"2025-04-28T17:53:26","guid":{"rendered":"https:\/\/www.juescha.de\/shop\/unkategorisiert\/schluesseletui\/"},"modified":"2026-01-21T08:49:00","modified_gmt":"2026-01-21T07:49:00","slug":"schluesseletui","status":"publish","type":"product","link":"https:\/\/www.juescha.de\/de_de\/shop\/alassio\/schluesseletui\/","title":{"rendered":"Schl\u00fcsseletui"},"content":{"rendered":"<h1>Schl\u00fcsseletui <\/h1>\n<p>Vorfach, zwei Schl\u00fcsselringe.<br \/>\nDas Schl\u00fcsseletui in Schwarz von Alassio ist ein elegantes und praktisches Accessoire f\u00fcr den t\u00e4glichen Gebrauch. Es besteht aus hochwertigem Nappaleder und hat eine glatte, gl\u00e4nzende Oberfl\u00e4che. Das Etui ist mit einem Rei\u00dfverschluss ausgestattet, der das \u00d6ffnen und Schlie\u00dfen erleichtert und die Schl\u00fcssel sicher verwahrt. Es bietet ausreichend Platz f\u00fcr mehrere Schl\u00fcssel und ist daher ideal f\u00fcr Personen, die viele Schl\u00fcssel mit sich tragen m\u00fcssen.<br \/>\nDas Design des Etuis ist schlicht und zeitlos, was es zu einem stilvollen Accessoire f\u00fcr M\u00e4nner und Frauen gleicherma\u00dfen macht. Die Ma\u00dfe des Etuis betragen ca. 11,5 x 7,5 cm. Zus\u00e4tzlich bietet es noch ein Vorfach f\u00fcr andere kleinere Gegenst\u00e4nde.<\/p>\n","protected":false},"excerpt":{"rendered":"<ul>\n<li>Hochwertiges Nappaleder in Schwarz<\/li>\n<li>Zwei Schl\u00fcsselringe f\u00fcr sichere Aufbewahrung<\/li>\n<li>Zus\u00e4tzliches Vorfach f\u00fcr Kleinteile<\/li>\n<li>Kompakt: ca. 11,5 x 7,5 cm, mit Rei\u00dfverschluss<\/li>\n<\/ul>\n","protected":false},"featured_media":10573,"template":"","meta":{"inline_featured_image":false},"product_brand":[],"product_cat":[1651],"product_tag":[],"class_list":{"0":"post-27620","1":"product","2":"type-product","3":"status-publish","4":"has-post-thumbnail","6":"product_cat-alassio","8":"first","9":"instock","10":"purchasable","11":"product-type-simple"},"_links":{"self":[{"href":"https:\/\/www.juescha.de\/de_de\/wp-json\/wp\/v2\/product\/27620","targetHints":{"allow":["GET"]}}],"collection":[{"href":"https:\/\/www.juescha.de\/de_de\/wp-json\/wp\/v2\/product"}],"about":[{"href":"https:\/\/www.juescha.de\/de_de\/wp-json\/wp\/v2\/types\/product"}],"version-history":[{"count":0,"href":"https:\/\/www.juescha.de\/de_de\/wp-json\/wp\/v2\/product\/27620\/revisions"}],"wp:featuredmedia":[{"embeddable":true,"href":"https:\/\/www.juescha.de\/de_de\/wp-json\/wp\/v2\/media\/10573"}],"wp:attachment":[{"href":"https:\/\/www.juescha.de\/de_de\/wp-json\/wp\/v2\/media?parent=27620"}],"wp:term":[{"taxonomy":"product_brand","embeddable":true,"href":"https:\/\/www.juescha.de\/de_de\/wp-json\/wp\/v2\/product_brand?post=27620"},{"taxonomy":"product_cat","embeddable":true,"href":"https:\/\/www.juescha.de\/de_de\/wp-json\/wp\/v2\/product_cat?post=27620"},{"taxonomy":"product_tag","embeddable":true,"href":"https:\/\/www.juescha.de\/de_de\/wp-json\/wp\/v2\/product_tag?post=27620"}],"curies":[{"name":"wp","href":"https:\/\/api.w.org\/{rel}","templated":true}]}}