{"id":27619,"date":"2025-04-28T19:53:26","date_gmt":"2025-04-28T17:53:26","guid":{"rendered":"https:\/\/www.juescha.de\/shop\/unkategorisiert\/mini-geldboerse\/"},"modified":"2026-01-21T08:49:02","modified_gmt":"2026-01-21T07:49:02","slug":"mini-geldboerse","status":"publish","type":"product","link":"https:\/\/www.juescha.de\/de_de\/shop\/alassio\/mini-geldboerse\/","title":{"rendered":"Mini Geldb\u00f6rse"},"content":{"rendered":"<h1>Mini Geldb\u00f6rse <\/h1>\n<p>Hochformat, Carbon Optik, drei Visiten-\/Kreditkartenf\u00e4cher, zwei verdeckte Einschubf\u00e4cher, M\u00fcnzfach mit Euro-Chip-Fach, ein Scheinfach, Metallemblem.<br \/>\nDie Querb\u00f6rse in Carbon Optik von Alassio ist eine elegante und stilvolle Geldb\u00f6rse, die aus hochwertigem schwarzen Leder gefertigt ist. Die B\u00f6rse hat eine Gr\u00f6\u00dfe von 10 x 9 X 1 cm und bietet ausreichend Platz f\u00fcr Geldscheine, M\u00fcnzen, Karten und Ausweise.Die B\u00f6rse verf\u00fcgt \u00fcber ein M\u00fcnzfach mit Euro-Chip-Fach, ein Scheinfach und drei Kartenf\u00e4cher, in denen man alle wichtigen Karten unterbringen kann.<br \/>\nDie Verarbeitung der Querb\u00f6rse ist sehr hochwertig und sorgt f\u00fcr eine lange Lebensdauer. Das schwarze Leder f\u00fchlt sich angenehm an und ist pflegeleicht. Die Carbon-Optik gibt der B\u00f6rse ein modernes und edles Aussehen.<\/p>\n","protected":false},"excerpt":{"rendered":"<ul>\n<li>Kompakt &#038; modern in Carbon-Optik<\/li>\n<li>3 Kartenf\u00e4cher &#038; 2 Einschubf\u00e4cher<\/li>\n<li>M\u00fcnzfach mit Euro-Chip-Fach<\/li>\n<li>1 Scheinfach, mit edlem Metallemblem<\/li>\n<\/ul>\n","protected":false},"featured_media":10570,"template":"","meta":{"inline_featured_image":false},"product_brand":[],"product_cat":[1651],"product_tag":[],"class_list":{"0":"post-27619","1":"product","2":"type-product","3":"status-publish","4":"has-post-thumbnail","6":"product_cat-alassio","8":"first","9":"instock","10":"purchasable","11":"product-type-simple"},"_links":{"self":[{"href":"https:\/\/www.juescha.de\/de_de\/wp-json\/wp\/v2\/product\/27619","targetHints":{"allow":["GET"]}}],"collection":[{"href":"https:\/\/www.juescha.de\/de_de\/wp-json\/wp\/v2\/product"}],"about":[{"href":"https:\/\/www.juescha.de\/de_de\/wp-json\/wp\/v2\/types\/product"}],"version-history":[{"count":0,"href":"https:\/\/www.juescha.de\/de_de\/wp-json\/wp\/v2\/product\/27619\/revisions"}],"wp:featuredmedia":[{"embeddable":true,"href":"https:\/\/www.juescha.de\/de_de\/wp-json\/wp\/v2\/media\/10570"}],"wp:attachment":[{"href":"https:\/\/www.juescha.de\/de_de\/wp-json\/wp\/v2\/media?parent=27619"}],"wp:term":[{"taxonomy":"product_brand","embeddable":true,"href":"https:\/\/www.juescha.de\/de_de\/wp-json\/wp\/v2\/product_brand?post=27619"},{"taxonomy":"product_cat","embeddable":true,"href":"https:\/\/www.juescha.de\/de_de\/wp-json\/wp\/v2\/product_cat?post=27619"},{"taxonomy":"product_tag","embeddable":true,"href":"https:\/\/www.juescha.de\/de_de\/wp-json\/wp\/v2\/product_tag?post=27619"}],"curies":[{"name":"wp","href":"https:\/\/api.w.org\/{rel}","templated":true}]}}