{"id":27618,"date":"2025-04-28T19:53:26","date_gmt":"2025-04-28T17:53:26","guid":{"rendered":"https:\/\/www.juescha.de\/shop\/unkategorisiert\/kombiboerse\/"},"modified":"2026-01-21T08:49:02","modified_gmt":"2026-01-21T07:49:02","slug":"kombiboerse","status":"publish","type":"product","link":"https:\/\/www.juescha.de\/de_de\/shop\/alassio\/kombiboerse\/","title":{"rendered":"Kombib\u00f6rse"},"content":{"rendered":"<h1>Kombib\u00f6rse <\/h1>\n<p>Hochformat, Carbon Optik, Netzfach f\u00fcr F\u00fchrerschein etc. acht Visiten-\/Kreditkartenf\u00e4cher, f\u00fcnf verdeckte Einschubf\u00e4cher, M\u00fcnzfach mit Euro-Chip-Fach, zwei Scheinf\u00e4cher, Metallemblem.<br \/>\nDie Geldb\u00f6rse im Hochformat in Carbon Optik in schwarz von Alassio ist ein stilvolles und praktisches Accessoire f\u00fcr den t\u00e4glichen Gebrauch. Sie ist aus hochwertigem, strapazierf\u00e4higem Material gefertigt und verf\u00fcgt \u00fcber eine elegante Carbon-Optik, die ihr ein modernes Aussehen verleiht.<br \/>\nDie Geldb\u00f6rse ist rechteckig und hat eine Gr\u00f6\u00dfe von ca. 13 x 10 x 2,5 cm. Sie verf\u00fcgt \u00fcber ein Fach f\u00fcr Banknoten, ein M\u00fcnzfach mit Druckknopfverschluss und mehrere Kartenf\u00e4cher, die Platz f\u00fcr bis zu 8 Karten bieten. Sie ist eine praktische und stilvolle Wahl f\u00fcr M\u00e4nner und Frauen, die eine kompakte und robuste Geldb\u00f6rse suchen.<\/p>\n","protected":false},"excerpt":{"rendered":"<ul>\n<li>Edle Carbon-Optik mit Metallemblem<\/li>\n<li>8 Karten- &#038; 5 Einschubf\u00e4cher<\/li>\n<li>M\u00fcnzfach mit Euro-Chip-Fach<\/li>\n<li>2 Scheinf\u00e4cher, kompaktes Format<\/li>\n<\/ul>\n","protected":false},"featured_media":10566,"template":"","meta":{"inline_featured_image":false},"product_brand":[],"product_cat":[1651],"product_tag":[],"class_list":{"0":"post-27618","1":"product","2":"type-product","3":"status-publish","4":"has-post-thumbnail","6":"product_cat-alassio","8":"first","9":"instock","10":"purchasable","11":"product-type-simple"},"_links":{"self":[{"href":"https:\/\/www.juescha.de\/de_de\/wp-json\/wp\/v2\/product\/27618","targetHints":{"allow":["GET"]}}],"collection":[{"href":"https:\/\/www.juescha.de\/de_de\/wp-json\/wp\/v2\/product"}],"about":[{"href":"https:\/\/www.juescha.de\/de_de\/wp-json\/wp\/v2\/types\/product"}],"version-history":[{"count":0,"href":"https:\/\/www.juescha.de\/de_de\/wp-json\/wp\/v2\/product\/27618\/revisions"}],"wp:featuredmedia":[{"embeddable":true,"href":"https:\/\/www.juescha.de\/de_de\/wp-json\/wp\/v2\/media\/10566"}],"wp:attachment":[{"href":"https:\/\/www.juescha.de\/de_de\/wp-json\/wp\/v2\/media?parent=27618"}],"wp:term":[{"taxonomy":"product_brand","embeddable":true,"href":"https:\/\/www.juescha.de\/de_de\/wp-json\/wp\/v2\/product_brand?post=27618"},{"taxonomy":"product_cat","embeddable":true,"href":"https:\/\/www.juescha.de\/de_de\/wp-json\/wp\/v2\/product_cat?post=27618"},{"taxonomy":"product_tag","embeddable":true,"href":"https:\/\/www.juescha.de\/de_de\/wp-json\/wp\/v2\/product_tag?post=27618"}],"curies":[{"name":"wp","href":"https:\/\/api.w.org\/{rel}","templated":true}]}}