{"id":27617,"date":"2025-04-28T19:53:26","date_gmt":"2025-04-28T17:53:26","guid":{"rendered":"https:\/\/www.juescha.de\/shop\/unkategorisiert\/mini-boerse-mit-metallemblem\/"},"modified":"2026-01-21T08:49:10","modified_gmt":"2026-01-21T07:49:10","slug":"mini-boerse-mit-metallemblem","status":"publish","type":"product","link":"https:\/\/www.juescha.de\/de_de\/shop\/alassio\/mini-boerse-mit-metallemblem\/","title":{"rendered":"Mini-B\u00f6rse mit Metallemblem"},"content":{"rendered":"<h1>Mini-B\u00f6rse mit Metallemblem<\/h1>\n<p>Metallemblem, kleines M\u00fcnzfach, Scheinfach und Metallschl\u00fcsselring.<br \/>\nDie Mini-B\u00f6rse mit Metallemblem in schwarz von Alassio ist ein elegantes und praktisches Accessoire f\u00fcr den t\u00e4glichen Gebrauch. Die B\u00f6rse ist aus hochwertigem Nappaleder gefertigt und hat ein glattes und edles Aussehen. Das schwarze Leder ist weich und angenehm zu ber\u00fchren, was ein angenehmes Tragegef\u00fchl vermittelt.Die B\u00f6rse ist mit einem Metall-Emblem in der Mitte verziert, das in silberner Farbe gl\u00e4nzt und einen stilvollen Akzent setzt. Das Emblem zeigt das Logo von Alassio, das f\u00fcr Qualit\u00e4t und Design steht. Das Emblem ist in das Leder eingraviert, was eine hochwertige Verarbeitung und Langlebigkeit gew\u00e4hrleistet.<br \/>\nDie Mini-B\u00f6rse ist klein und handlich, sodass sie problemlos in eine Hosentasche oder Handtasche passt. Sie verf\u00fcgt \u00fcber ein Hauptfach f\u00fcr M\u00fcnzen und ein kleines Fach f\u00fcr Scheine oder Karten.<\/p>\n","protected":false},"excerpt":{"rendered":"<ul>\n<li>Aus hochwertigem Nappaleder mit Alassio-Metallemblem<\/li>\n<li>Kleines M\u00fcnzfach und Scheinfach<\/li>\n<li>Mit praktischem Metallschl\u00fcsselring<\/li>\n<li>Kompakt, elegant und ideal f\u00fcr unterwegs<\/li>\n<\/ul>\n","protected":false},"featured_media":10562,"template":"","meta":{"inline_featured_image":false},"product_brand":[],"product_cat":[1651],"product_tag":[],"class_list":{"0":"post-27617","1":"product","2":"type-product","3":"status-publish","4":"has-post-thumbnail","6":"product_cat-alassio","8":"first","9":"instock","10":"purchasable","11":"product-type-simple"},"_links":{"self":[{"href":"https:\/\/www.juescha.de\/de_de\/wp-json\/wp\/v2\/product\/27617","targetHints":{"allow":["GET"]}}],"collection":[{"href":"https:\/\/www.juescha.de\/de_de\/wp-json\/wp\/v2\/product"}],"about":[{"href":"https:\/\/www.juescha.de\/de_de\/wp-json\/wp\/v2\/types\/product"}],"version-history":[{"count":0,"href":"https:\/\/www.juescha.de\/de_de\/wp-json\/wp\/v2\/product\/27617\/revisions"}],"wp:featuredmedia":[{"embeddable":true,"href":"https:\/\/www.juescha.de\/de_de\/wp-json\/wp\/v2\/media\/10562"}],"wp:attachment":[{"href":"https:\/\/www.juescha.de\/de_de\/wp-json\/wp\/v2\/media?parent=27617"}],"wp:term":[{"taxonomy":"product_brand","embeddable":true,"href":"https:\/\/www.juescha.de\/de_de\/wp-json\/wp\/v2\/product_brand?post=27617"},{"taxonomy":"product_cat","embeddable":true,"href":"https:\/\/www.juescha.de\/de_de\/wp-json\/wp\/v2\/product_cat?post=27617"},{"taxonomy":"product_tag","embeddable":true,"href":"https:\/\/www.juescha.de\/de_de\/wp-json\/wp\/v2\/product_tag?post=27617"}],"curies":[{"name":"wp","href":"https:\/\/api.w.org\/{rel}","templated":true}]}}