{"id":27616,"date":"2025-04-28T19:53:24","date_gmt":"2025-04-28T17:53:24","guid":{"rendered":"https:\/\/www.juescha.de\/shop\/unkategorisiert\/geldboerse-mit-metallemblem-im-querformat\/"},"modified":"2026-01-21T08:49:10","modified_gmt":"2026-01-21T07:49:10","slug":"geldboerse-mit-metallemblem-im-querformat","status":"publish","type":"product","link":"https:\/\/www.juescha.de\/de_de\/shop\/alassio\/geldboerse-mit-metallemblem-im-querformat\/","title":{"rendered":"Geldb\u00f6rse mit Metallemblem im Querformat"},"content":{"rendered":"<h1>Geldb\u00f6rse mit Metallemblem im Querformat <\/h1>\n<p>Querformat, Metallemblem, vier Kreditkartenf\u00e4cher, Netzfach, Scheinfach, M\u00fcnzfach.<br \/>\nDie Geldb\u00f6rse mit Metallemblem von Alassio ist ein stilvolles Accessoire in schwarz, das aus hochwertigem Nappaleder gefertigt ist. Die B\u00f6rse ist mit einem edlen Metallemblem versehen, das auf der Vorderseite angebracht ist und dem Produkt eine besondere Eleganz verleiht. Die Geldb\u00f6rse verf\u00fcgt \u00fcber ein ger\u00e4umiges Innenfach mit einem Fach f\u00fcr Geldscheine und M\u00fcnzen. Zudem gibt es mehrere Kartenf\u00e4cher, die ausreichend Platz f\u00fcr Kredit- oder Visitenkarten bieten.Die Verarbeitung des Materials ist hochwertig und sorgt f\u00fcr eine lange Lebensdauer der B\u00f6rse. Die schwarze Farbe und das dezente Design machen sie zu einem zeitlosen Accessoire, das sich perfekt f\u00fcr den t\u00e4glichen Gebrauch eignet.<\/p>\n","protected":false},"excerpt":{"rendered":"<ul>\n<li>Edles Nappaleder mit Metallemblem<\/li>\n<li>4 Kartenf\u00e4cher, Netzfach, M\u00fcnz- &#038; Scheinfach<\/li>\n<li>Kompakt im Querformat<\/li>\n<li>Schlicht, elegant und langlebig<\/li>\n<\/ul>\n","protected":false},"featured_media":10560,"template":"","meta":{"inline_featured_image":false},"product_brand":[],"product_cat":[1651],"product_tag":[],"class_list":{"0":"post-27616","1":"product","2":"type-product","3":"status-publish","4":"has-post-thumbnail","6":"product_cat-alassio","8":"first","9":"instock","10":"purchasable","11":"product-type-simple"},"_links":{"self":[{"href":"https:\/\/www.juescha.de\/de_de\/wp-json\/wp\/v2\/product\/27616","targetHints":{"allow":["GET"]}}],"collection":[{"href":"https:\/\/www.juescha.de\/de_de\/wp-json\/wp\/v2\/product"}],"about":[{"href":"https:\/\/www.juescha.de\/de_de\/wp-json\/wp\/v2\/types\/product"}],"version-history":[{"count":0,"href":"https:\/\/www.juescha.de\/de_de\/wp-json\/wp\/v2\/product\/27616\/revisions"}],"wp:featuredmedia":[{"embeddable":true,"href":"https:\/\/www.juescha.de\/de_de\/wp-json\/wp\/v2\/media\/10560"}],"wp:attachment":[{"href":"https:\/\/www.juescha.de\/de_de\/wp-json\/wp\/v2\/media?parent=27616"}],"wp:term":[{"taxonomy":"product_brand","embeddable":true,"href":"https:\/\/www.juescha.de\/de_de\/wp-json\/wp\/v2\/product_brand?post=27616"},{"taxonomy":"product_cat","embeddable":true,"href":"https:\/\/www.juescha.de\/de_de\/wp-json\/wp\/v2\/product_cat?post=27616"},{"taxonomy":"product_tag","embeddable":true,"href":"https:\/\/www.juescha.de\/de_de\/wp-json\/wp\/v2\/product_tag?post=27616"}],"curies":[{"name":"wp","href":"https:\/\/api.w.org\/{rel}","templated":true}]}}