{"id":27614,"date":"2025-04-28T19:53:23","date_gmt":"2025-04-28T17:53:23","guid":{"rendered":"https:\/\/www.juescha.de\/shop\/unkategorisiert\/geldboerse\/"},"modified":"2026-01-21T08:49:10","modified_gmt":"2026-01-21T07:49:10","slug":"geldboerse","status":"publish","type":"product","link":"https:\/\/www.juescha.de\/de_de\/shop\/alassio\/geldboerse\/","title":{"rendered":"Geldb\u00f6rse"},"content":{"rendered":"<h1>Geldb\u00f6rse <\/h1>\n<p>Hochformat, Rei\u00dfverschlussfach in der Mitte, sechs Kreditkartenf\u00e4cher, zwei Scheinf\u00e4cher, M\u00fcnzfach. Einschubfach aussen.<br \/>\nDie Geldb\u00f6rse im Hochformat von Alassio, ist eine stilvolle und praktische Wahl f\u00fcr den t\u00e4glichen Gebrauch. Sie ist in Schwarz gehalten und aus hochwertigem Nappaleder gefertigt, was ihr eine ansprechende Optik und Haltbarkeit verleiht.<br \/>\nDie Geldb\u00f6rse verf\u00fcgt \u00fcber eine klassische, schlichte Gestaltung und ist mit einem \u00fcbersichtlichen Innenraum ausgestattet. Sie bietet gen\u00fcgend Platz f\u00fcr Geldscheine, M\u00fcnzen und Karten und verf\u00fcgt \u00fcber eine Vielzahl von F\u00e4chern und Taschen. Im Inneren befinden sich z.B. 6 Kartenf\u00e4cher, 2 F\u00e4cher f\u00fcr Scheine, ein Kleingeldfach sowie ein Einschubfach au\u00dfen. Die Geldb\u00f6rse ist ca. 10,5 x 9 cm gro\u00df und hat damit eine kompakte Gr\u00f6\u00dfe, die sie leicht in jeder Tasche verstauen l\u00e4sst. Insgesamt ist die Geldb\u00f6rse von Alassio eine elegante und funktionale Wahl f\u00fcr jeden, der eine hochwertige Geldb\u00f6rse im Hochformat sucht.<\/p>\n","protected":false},"excerpt":{"rendered":"<ul>\n<li>Hochformat mit Rei\u00dfverschlussfach in der Mitte<\/li>\n<li>6 Kreditkartenf\u00e4cher, 2 Scheinf\u00e4cher, M\u00fcnzfach<\/li>\n<li>Au\u00dfenliegendes Einschubfach f\u00fcr schnellen Zugriff<\/li>\n<li>Aus hochwertigem Nappaleder, kompakt &#038; elegant<\/li>\n<\/ul>\n","protected":false},"featured_media":10554,"template":"","meta":{"inline_featured_image":false},"product_brand":[],"product_cat":[1651],"product_tag":[],"class_list":{"0":"post-27614","1":"product","2":"type-product","3":"status-publish","4":"has-post-thumbnail","6":"product_cat-alassio","8":"first","9":"instock","10":"purchasable","11":"product-type-simple"},"_links":{"self":[{"href":"https:\/\/www.juescha.de\/de_de\/wp-json\/wp\/v2\/product\/27614","targetHints":{"allow":["GET"]}}],"collection":[{"href":"https:\/\/www.juescha.de\/de_de\/wp-json\/wp\/v2\/product"}],"about":[{"href":"https:\/\/www.juescha.de\/de_de\/wp-json\/wp\/v2\/types\/product"}],"version-history":[{"count":0,"href":"https:\/\/www.juescha.de\/de_de\/wp-json\/wp\/v2\/product\/27614\/revisions"}],"wp:featuredmedia":[{"embeddable":true,"href":"https:\/\/www.juescha.de\/de_de\/wp-json\/wp\/v2\/media\/10554"}],"wp:attachment":[{"href":"https:\/\/www.juescha.de\/de_de\/wp-json\/wp\/v2\/media?parent=27614"}],"wp:term":[{"taxonomy":"product_brand","embeddable":true,"href":"https:\/\/www.juescha.de\/de_de\/wp-json\/wp\/v2\/product_brand?post=27614"},{"taxonomy":"product_cat","embeddable":true,"href":"https:\/\/www.juescha.de\/de_de\/wp-json\/wp\/v2\/product_cat?post=27614"},{"taxonomy":"product_tag","embeddable":true,"href":"https:\/\/www.juescha.de\/de_de\/wp-json\/wp\/v2\/product_tag?post=27614"}],"curies":[{"name":"wp","href":"https:\/\/api.w.org\/{rel}","templated":true}]}}