{"id":27612,"date":"2025-04-28T19:53:22","date_gmt":"2025-04-28T17:53:22","guid":{"rendered":"https:\/\/www.juescha.de\/shop\/unkategorisiert\/kreditkartenetui\/"},"modified":"2026-01-21T08:49:10","modified_gmt":"2026-01-21T07:49:10","slug":"kreditkartenetui","status":"publish","type":"product","link":"https:\/\/www.juescha.de\/de_de\/shop\/alassio\/kreditkartenetui\/","title":{"rendered":"Kreditkartenetui"},"content":{"rendered":"<h1>Kreditkartenetui <\/h1>\n<p>Zwei SD- oder SIM-Kartenf\u00e4cher, 18 Kreditkartenf\u00e4cher, zwei Einschubf\u00e4cher.<br \/>\nDas Kreditkartenetui in Schwarz von Alassio ist ein elegantes und praktisches Accessoire f\u00fcr den t\u00e4glichen Gebrauch. Es besteht aus hochwertigem Leder und hat eine Gr\u00f6\u00dfe von 15 x 11 x 1 cm. Das Etui verf\u00fcgt \u00fcber insgesamt 18 Kartenf\u00e4cher, die gen\u00fcgend Platz f\u00fcr Kreditkarten, Ausweise und andere wichtige Dokumente bieten. Zudem besitzt es ein M\u00fcnzfach mit Rei\u00dfverschluss und ein Scheinfach, in dem auch gr\u00f6\u00dfere Geldscheine aufbewahrt werden k\u00f6nnen.Es ist sehr handlich und passt bequem in die Hosentasche oder in eine kleine Handtasche. Das zeitlose Design und die hohe Verarbeitungsqualit\u00e4t machen das Kreditkartenetui von Alassio zu einem stilvollen Accessoire, das sowohl im beruflichen als auch im privaten Bereich genutzt werden kann.<\/p>\n","protected":false},"excerpt":{"rendered":"<ul>\n<li>18 Kreditkartenf\u00e4cher &#038; zwei Einschubf\u00e4cher<\/li>\n<li>Zwei F\u00e4cher f\u00fcr SD- oder SIM-Karten<\/li>\n<li>Aus hochwertigem Leder, kompakt &#038; langlebig<\/li>\n<li>Ideal f\u00fcr Alltag, Beruf &#038; Reisen<\/li>\n<\/ul>\n","protected":false},"featured_media":10549,"template":"","meta":{"inline_featured_image":false},"product_brand":[],"product_cat":[1651],"product_tag":[],"class_list":{"0":"post-27612","1":"product","2":"type-product","3":"status-publish","4":"has-post-thumbnail","6":"product_cat-alassio","8":"first","9":"instock","10":"purchasable","11":"product-type-simple"},"_links":{"self":[{"href":"https:\/\/www.juescha.de\/de_de\/wp-json\/wp\/v2\/product\/27612","targetHints":{"allow":["GET"]}}],"collection":[{"href":"https:\/\/www.juescha.de\/de_de\/wp-json\/wp\/v2\/product"}],"about":[{"href":"https:\/\/www.juescha.de\/de_de\/wp-json\/wp\/v2\/types\/product"}],"version-history":[{"count":0,"href":"https:\/\/www.juescha.de\/de_de\/wp-json\/wp\/v2\/product\/27612\/revisions"}],"wp:featuredmedia":[{"embeddable":true,"href":"https:\/\/www.juescha.de\/de_de\/wp-json\/wp\/v2\/media\/10549"}],"wp:attachment":[{"href":"https:\/\/www.juescha.de\/de_de\/wp-json\/wp\/v2\/media?parent=27612"}],"wp:term":[{"taxonomy":"product_brand","embeddable":true,"href":"https:\/\/www.juescha.de\/de_de\/wp-json\/wp\/v2\/product_brand?post=27612"},{"taxonomy":"product_cat","embeddable":true,"href":"https:\/\/www.juescha.de\/de_de\/wp-json\/wp\/v2\/product_cat?post=27612"},{"taxonomy":"product_tag","embeddable":true,"href":"https:\/\/www.juescha.de\/de_de\/wp-json\/wp\/v2\/product_tag?post=27612"}],"curies":[{"name":"wp","href":"https:\/\/api.w.org\/{rel}","templated":true}]}}