{"id":27611,"date":"2025-04-28T19:53:22","date_gmt":"2025-04-28T17:53:22","guid":{"rendered":"https:\/\/www.juescha.de\/shop\/unkategorisiert\/geldboerse-querformat\/"},"modified":"2026-01-21T08:49:10","modified_gmt":"2026-01-21T07:49:10","slug":"geldboerse-querformat","status":"publish","type":"product","link":"https:\/\/www.juescha.de\/de_de\/shop\/alassio\/geldboerse-querformat\/","title":{"rendered":"Geldb\u00f6rse Querformat"},"content":{"rendered":"<h1>Geldb\u00f6rse Querformat<\/h1>\n<p>Querformat, sechs Kreditkartenf\u00e4cher, Ausweisfach, drei Geldscheinf\u00e4chern, M\u00fcnzfach.<br \/>\nDie schwarze Geldb\u00f6rse von Alassio ist aus hochwertigem Nappsleder. Sie ist kompakt und bietet dennoch gen\u00fcgend Platz f\u00fcr die Aufbewahrung von Bargeld, Karten und anderen wichtigen Gegenst\u00e4nden. Die Geldb\u00f6rse verf\u00fcgt \u00fcber verschiedene F\u00e4cher, darunter ein M\u00fcnzfach, Kartenf\u00e4cher und ein Scheinfach. Au\u00dferdem verf\u00fcgt es auch \u00fcber ein zus\u00e4tzliches Fach f\u00fcr den Personalausweis. Die schwarze Geldb\u00f6rse von Alassio zeichnet sich durch ein klassisches Design aus und wird h\u00e4ufig als stilvolles Accessoire f\u00fcr den t\u00e4glichen Gebrauch oder besondere Anl\u00e4sse genutzt.<\/p>\n","protected":false},"excerpt":{"rendered":"<ul>\n<li>Sechs Kreditkartenf\u00e4cher &#038; Ausweisfach<\/li>\n<li>Drei Geldscheinf\u00e4cher &#038; M\u00fcnzfach<\/li>\n<li>Gefertigt aus hochwertigem Nappaleder<\/li>\n<li>Kompakt, klassisch &#038; ideal f\u00fcr den Alltag<\/li>\n<\/ul>\n","protected":false},"featured_media":10547,"template":"","meta":{"inline_featured_image":false},"product_brand":[],"product_cat":[1651],"product_tag":[],"class_list":{"0":"post-27611","1":"product","2":"type-product","3":"status-publish","4":"has-post-thumbnail","6":"product_cat-alassio","8":"first","9":"instock","10":"purchasable","11":"product-type-simple"},"_links":{"self":[{"href":"https:\/\/www.juescha.de\/de_de\/wp-json\/wp\/v2\/product\/27611","targetHints":{"allow":["GET"]}}],"collection":[{"href":"https:\/\/www.juescha.de\/de_de\/wp-json\/wp\/v2\/product"}],"about":[{"href":"https:\/\/www.juescha.de\/de_de\/wp-json\/wp\/v2\/types\/product"}],"version-history":[{"count":0,"href":"https:\/\/www.juescha.de\/de_de\/wp-json\/wp\/v2\/product\/27611\/revisions"}],"wp:featuredmedia":[{"embeddable":true,"href":"https:\/\/www.juescha.de\/de_de\/wp-json\/wp\/v2\/media\/10547"}],"wp:attachment":[{"href":"https:\/\/www.juescha.de\/de_de\/wp-json\/wp\/v2\/media?parent=27611"}],"wp:term":[{"taxonomy":"product_brand","embeddable":true,"href":"https:\/\/www.juescha.de\/de_de\/wp-json\/wp\/v2\/product_brand?post=27611"},{"taxonomy":"product_cat","embeddable":true,"href":"https:\/\/www.juescha.de\/de_de\/wp-json\/wp\/v2\/product_cat?post=27611"},{"taxonomy":"product_tag","embeddable":true,"href":"https:\/\/www.juescha.de\/de_de\/wp-json\/wp\/v2\/product_tag?post=27611"}],"curies":[{"name":"wp","href":"https:\/\/api.w.org\/{rel}","templated":true}]}}