{"id":27609,"date":"2025-04-28T19:53:22","date_gmt":"2025-04-28T17:53:22","guid":{"rendered":"https:\/\/www.juescha.de\/shop\/unkategorisiert\/visitenkartenetui\/"},"modified":"2026-01-21T08:49:12","modified_gmt":"2026-01-21T07:49:12","slug":"visitenkartenetui","status":"publish","type":"product","link":"https:\/\/www.juescha.de\/de_de\/shop\/alassio\/visitenkartenetui\/","title":{"rendered":"Visitenkartenetui"},"content":{"rendered":"<h1>Visitenkartenetui <\/h1>\n<p>Drei Steckf\u00e4cher f\u00fcr insgesamt ca. 30 Visitenkarten, zus\u00e4tzliches Einsteckfach auf dem R\u00fccken.<br \/>\nDas Kredit- und Visitenkartenetui in schwarz von Alassio ist eine elegante und praktische M\u00f6glichkeit, um Karten sicher und stilvoll aufzubewahren. Es besteht aus hochwertigem Nappaleder und hat eine Gr\u00f6\u00dfe von 11 x 7 cm, was es zu einem kompakten Accessoire macht, das in jeder Tasche oder Geldb\u00f6rse Platz findet.Das Etui verf\u00fcgt \u00fcber gen\u00fcgend Platz f\u00fcr bis zu 30 Karten bieten.Das Etui hat ein praktisches Einsteckfach auf dem R\u00fccken. Die schwarze Farbe verleiht dem Etui eine schlichte Eleganz und passt zu jedem Stil.<br \/>\nDas Etui eignet sich als Geschenk f\u00fcr Freunde, Familie oder Gesch\u00e4ftspartner und bietet eine stilvolle M\u00f6glichkeit, um Karten sicher und geordnet aufzubewahren.<\/p>\n","protected":false},"excerpt":{"rendered":"<ul>\n<li>Platz f\u00fcr ca. 30 Visitenkarten in drei Steckf\u00e4chern<\/li>\n<li>Zus\u00e4tzliches Einsteckfach auf der R\u00fcckseite<\/li>\n<li>Kompakte Gr\u00f6\u00dfe: ca. 11 x 7 cm \u2013 ideal f\u00fcr jede Tasche<\/li>\n<li>Elegantes Design aus schwarzem Nappaleder<\/li>\n<\/ul>\n","protected":false},"featured_media":10531,"template":"","meta":{"inline_featured_image":false},"product_brand":[],"product_cat":[1651],"product_tag":[],"class_list":{"0":"post-27609","1":"product","2":"type-product","3":"status-publish","4":"has-post-thumbnail","6":"product_cat-alassio","8":"first","9":"instock","10":"purchasable","11":"product-type-simple"},"_links":{"self":[{"href":"https:\/\/www.juescha.de\/de_de\/wp-json\/wp\/v2\/product\/27609","targetHints":{"allow":["GET"]}}],"collection":[{"href":"https:\/\/www.juescha.de\/de_de\/wp-json\/wp\/v2\/product"}],"about":[{"href":"https:\/\/www.juescha.de\/de_de\/wp-json\/wp\/v2\/types\/product"}],"version-history":[{"count":0,"href":"https:\/\/www.juescha.de\/de_de\/wp-json\/wp\/v2\/product\/27609\/revisions"}],"wp:featuredmedia":[{"embeddable":true,"href":"https:\/\/www.juescha.de\/de_de\/wp-json\/wp\/v2\/media\/10531"}],"wp:attachment":[{"href":"https:\/\/www.juescha.de\/de_de\/wp-json\/wp\/v2\/media?parent=27609"}],"wp:term":[{"taxonomy":"product_brand","embeddable":true,"href":"https:\/\/www.juescha.de\/de_de\/wp-json\/wp\/v2\/product_brand?post=27609"},{"taxonomy":"product_cat","embeddable":true,"href":"https:\/\/www.juescha.de\/de_de\/wp-json\/wp\/v2\/product_cat?post=27609"},{"taxonomy":"product_tag","embeddable":true,"href":"https:\/\/www.juescha.de\/de_de\/wp-json\/wp\/v2\/product_tag?post=27609"}],"curies":[{"name":"wp","href":"https:\/\/api.w.org\/{rel}","templated":true}]}}