{"id":27607,"date":"2025-04-28T19:53:22","date_gmt":"2025-04-28T17:53:22","guid":{"rendered":"https:\/\/www.juescha.de\/shop\/unkategorisiert\/visitenkarten-etui\/"},"modified":"2026-01-21T08:49:13","modified_gmt":"2026-01-21T07:49:13","slug":"visitenkarten-etui","status":"publish","type":"product","link":"https:\/\/www.juescha.de\/de_de\/shop\/alassio\/visitenkarten-etui\/","title":{"rendered":"Visitenkarten-Etui"},"content":{"rendered":"<h1>Visitenkarten-Etui  <\/h1>\n<p>F\u00fcr ca. zehn Visitenkarten.<br \/>\nDas Visitenkarten-Etui in matt silber von Alassio ist ein elegantes und praktisches Accessoire f\u00fcr den professionellen Einsatz. Das Etui ist aus hochwertigem Aluminium gefertigt und hat eine matte Oberfl\u00e4che, die ihm ein edles Aussehen verleiht. Das Etui bietet Platz f\u00fcr bis zu 10 Visitenkarten und sch\u00fctzt sie vor Besch\u00e4digungen und Verschmutzungen.<br \/>\nDas Etui misst etwa 9,5 x 6 x 0,5 cm und ist somit klein genug, um in der Jackentasche oder Handtasche transportiert zu werden. Es wiegt nur wenige Gramm und ist daher auch f\u00fcr den t\u00e4glichen Gebrauch ideal.<\/p>\n","protected":false},"excerpt":{"rendered":"<ul>\n<li>F\u00fcr ca. 10 Visitenkarten geeignet<\/li>\n<li>Hochwertiges Aluminium mit matter Oberfl\u00e4che<\/li>\n<li>Kompakt: ca. 9,5 x 6 x 0,5 cm, leicht und handlich<\/li>\n<li>Sch\u00fctzt Karten vor Knicken und Verschmutzung<\/li>\n<\/ul>\n","protected":false},"featured_media":10526,"template":"","meta":{"inline_featured_image":false},"product_brand":[],"product_cat":[1651],"product_tag":[],"class_list":{"0":"post-27607","1":"product","2":"type-product","3":"status-publish","4":"has-post-thumbnail","6":"product_cat-alassio","8":"first","9":"instock","10":"purchasable","11":"product-type-simple"},"_links":{"self":[{"href":"https:\/\/www.juescha.de\/de_de\/wp-json\/wp\/v2\/product\/27607","targetHints":{"allow":["GET"]}}],"collection":[{"href":"https:\/\/www.juescha.de\/de_de\/wp-json\/wp\/v2\/product"}],"about":[{"href":"https:\/\/www.juescha.de\/de_de\/wp-json\/wp\/v2\/types\/product"}],"version-history":[{"count":0,"href":"https:\/\/www.juescha.de\/de_de\/wp-json\/wp\/v2\/product\/27607\/revisions"}],"wp:featuredmedia":[{"embeddable":true,"href":"https:\/\/www.juescha.de\/de_de\/wp-json\/wp\/v2\/media\/10526"}],"wp:attachment":[{"href":"https:\/\/www.juescha.de\/de_de\/wp-json\/wp\/v2\/media?parent=27607"}],"wp:term":[{"taxonomy":"product_brand","embeddable":true,"href":"https:\/\/www.juescha.de\/de_de\/wp-json\/wp\/v2\/product_brand?post=27607"},{"taxonomy":"product_cat","embeddable":true,"href":"https:\/\/www.juescha.de\/de_de\/wp-json\/wp\/v2\/product_cat?post=27607"},{"taxonomy":"product_tag","embeddable":true,"href":"https:\/\/www.juescha.de\/de_de\/wp-json\/wp\/v2\/product_tag?post=27607"}],"curies":[{"name":"wp","href":"https:\/\/api.w.org\/{rel}","templated":true}]}}