{"id":27605,"date":"2025-04-28T19:53:21","date_gmt":"2025-04-28T17:53:21","guid":{"rendered":"https:\/\/www.juescha.de\/shop\/unkategorisiert\/notizblock-etui-monza-2\/"},"modified":"2026-01-21T08:49:00","modified_gmt":"2026-01-21T07:49:00","slug":"notizblock-etui-monza-2","status":"publish","type":"product","link":"https:\/\/www.juescha.de\/de_de\/shop\/alassio\/notizblock-etui-monza-2\/","title":{"rendered":"Notizblock-Etui MONZA"},"content":{"rendered":"<h1>Notizblock-Etui MONZA <\/h1>\n<p>Notizblock (A8-blanko), Minikugelschreiber aus Metall, Einschubfach f\u00fcr Kredit- bzw. Visitenkarten.<br \/>\nDas Notizblock-Etui in Schwarz von Alassio ist ein elegantes und praktisches Accessoire f\u00fcr Gesch\u00e4ftsleute und Studenten. Es besteht aus hochwertigem Leder und ist mit einer glatten Oberfl\u00e4che versehen, die dem Etui ein professionelles Aussehen verleiht. Das Etui bietet ausreichend Platz f\u00fcr einen A8-Block und verf\u00fcgt \u00fcber eine Stiftschlaufe, um Ihren Stift immer griffbereit zu halten.<br \/>\nDas Alassio Notizblock-Etui ist sehr gut verarbeitet und seine N\u00e4hte sind pr\u00e4zise und haltbar. Es ist langlebig und wird Ihnen lange Freude bereiten. Das Etui ist auch sehr leicht und kann leicht in einer Tasche oder einem Aktenkoffer transportiert werden. Insgesamt ist das Notizblock-Etui in Schwarz von Alassio ein elegantes und praktisches Accessoire, das ideal f\u00fcr Gesch\u00e4ftsleute und Studenten ist, die viel unterwegs sind. Es bietet ausreichend Platz f\u00fcr einen A8-Block und andere kleine Gegenst\u00e4nde und ist sehr gut verarbeitet und langlebig.<\/p>\n","protected":false},"excerpt":{"rendered":"<ul>\n<li>Elegantes Etui aus schwarzem Leder mit glatter Oberfl\u00e4che<\/li>\n<li>Inkl. A8-Notizblock und Metall-Minikugelschreiber<\/li>\n<li>Einschubfach f\u00fcr Kredit- oder Visitenkarten<\/li>\n<li>Leicht, kompakt und ideal f\u00fcr unterwegs<\/li>\n<\/ul>\n","protected":false},"featured_media":10524,"template":"","meta":{"inline_featured_image":false},"product_brand":[],"product_cat":[1651],"product_tag":[],"class_list":{"0":"post-27605","1":"product","2":"type-product","3":"status-publish","4":"has-post-thumbnail","6":"product_cat-alassio","8":"first","9":"instock","10":"purchasable","11":"product-type-simple"},"_links":{"self":[{"href":"https:\/\/www.juescha.de\/de_de\/wp-json\/wp\/v2\/product\/27605","targetHints":{"allow":["GET"]}}],"collection":[{"href":"https:\/\/www.juescha.de\/de_de\/wp-json\/wp\/v2\/product"}],"about":[{"href":"https:\/\/www.juescha.de\/de_de\/wp-json\/wp\/v2\/types\/product"}],"version-history":[{"count":0,"href":"https:\/\/www.juescha.de\/de_de\/wp-json\/wp\/v2\/product\/27605\/revisions"}],"wp:featuredmedia":[{"embeddable":true,"href":"https:\/\/www.juescha.de\/de_de\/wp-json\/wp\/v2\/media\/10524"}],"wp:attachment":[{"href":"https:\/\/www.juescha.de\/de_de\/wp-json\/wp\/v2\/media?parent=27605"}],"wp:term":[{"taxonomy":"product_brand","embeddable":true,"href":"https:\/\/www.juescha.de\/de_de\/wp-json\/wp\/v2\/product_brand?post=27605"},{"taxonomy":"product_cat","embeddable":true,"href":"https:\/\/www.juescha.de\/de_de\/wp-json\/wp\/v2\/product_cat?post=27605"},{"taxonomy":"product_tag","embeddable":true,"href":"https:\/\/www.juescha.de\/de_de\/wp-json\/wp\/v2\/product_tag?post=27605"}],"curies":[{"name":"wp","href":"https:\/\/api.w.org\/{rel}","templated":true}]}}