{"id":27604,"date":"2025-04-28T19:53:21","date_gmt":"2025-04-28T17:53:21","guid":{"rendered":"https:\/\/www.juescha.de\/shop\/unkategorisiert\/notizblock-etui-monza\/"},"modified":"2026-01-21T08:49:01","modified_gmt":"2026-01-21T07:49:01","slug":"notizblock-etui-monza","status":"publish","type":"product","link":"https:\/\/www.juescha.de\/de_de\/shop\/alassio\/notizblock-etui-monza\/","title":{"rendered":"Notizblock-Etui MONZA"},"content":{"rendered":"<h1>Notizblock-Etui MONZA <\/h1>\n<p>Notizblock (A8-blanko), Minikugelschreiber aus Metall, Einschubfach f\u00fcr Kredit- bzw. Visitenkarten.<br \/>\nDas Notizblock-Etui Monza von Alassio ist eine elegante und praktische Aufbewahrungsl\u00f6sung f\u00fcr Notizbl\u00f6cke und Schreibutensilien. Das Etui ist aus hochwertigem, glattem Leder gefertigt und in einer auff\u00e4lligen roten Farbe gehalten. Das Etui hat die Ma\u00dfe 10 x 7,5 x 1 cm. Im Inneren befinden sich ein DIN A8 Notizblock sowie ein Einschubfach f\u00fcr Kredit- und Visitenkarten.<br \/>\nDas Notizblock-Etui Monza eignet sich hervorragend f\u00fcr den Einsatz im B\u00fcro, bei Gesch\u00e4ftstreffen oder als Geschenk f\u00fcr Freunde und Kollegen. Es ist robust und langlebig, und seine ansprechende Optik verleiht ihm eine professionelle Ausstrahlung.<\/p>\n","protected":false},"excerpt":{"rendered":"<ul>\n<li>Hochwertiges Etui aus glattem, rotem Leder<\/li>\n<li>Inkl. Notizblock (A8, blanko) und Metall-Minikugelschreiber<\/li>\n<li>Einschubfach f\u00fcr Kredit- oder Visitenkarten<\/li>\n<li>Kompakt, ideal f\u00fcr B\u00fcro &#038; Meetings<\/li>\n<\/ul>\n","protected":false},"featured_media":10524,"template":"","meta":{"inline_featured_image":false},"product_brand":[],"product_cat":[1651],"product_tag":[],"class_list":{"0":"post-27604","1":"product","2":"type-product","3":"status-publish","4":"has-post-thumbnail","6":"product_cat-alassio","8":"first","9":"instock","10":"purchasable","11":"product-type-simple"},"_links":{"self":[{"href":"https:\/\/www.juescha.de\/de_de\/wp-json\/wp\/v2\/product\/27604","targetHints":{"allow":["GET"]}}],"collection":[{"href":"https:\/\/www.juescha.de\/de_de\/wp-json\/wp\/v2\/product"}],"about":[{"href":"https:\/\/www.juescha.de\/de_de\/wp-json\/wp\/v2\/types\/product"}],"version-history":[{"count":0,"href":"https:\/\/www.juescha.de\/de_de\/wp-json\/wp\/v2\/product\/27604\/revisions"}],"wp:featuredmedia":[{"embeddable":true,"href":"https:\/\/www.juescha.de\/de_de\/wp-json\/wp\/v2\/media\/10524"}],"wp:attachment":[{"href":"https:\/\/www.juescha.de\/de_de\/wp-json\/wp\/v2\/media?parent=27604"}],"wp:term":[{"taxonomy":"product_brand","embeddable":true,"href":"https:\/\/www.juescha.de\/de_de\/wp-json\/wp\/v2\/product_brand?post=27604"},{"taxonomy":"product_cat","embeddable":true,"href":"https:\/\/www.juescha.de\/de_de\/wp-json\/wp\/v2\/product_cat?post=27604"},{"taxonomy":"product_tag","embeddable":true,"href":"https:\/\/www.juescha.de\/de_de\/wp-json\/wp\/v2\/product_tag?post=27604"}],"curies":[{"name":"wp","href":"https:\/\/api.w.org\/{rel}","templated":true}]}}