{"id":27603,"date":"2025-04-28T19:53:21","date_gmt":"2025-04-28T17:53:21","guid":{"rendered":"https:\/\/www.juescha.de\/shop\/unkategorisiert\/notizblock-etui-gubbio\/"},"modified":"2026-01-21T08:49:01","modified_gmt":"2026-01-21T07:49:01","slug":"notizblock-etui-gubbio","status":"publish","type":"product","link":"https:\/\/www.juescha.de\/de_de\/shop\/alassio\/notizblock-etui-gubbio\/","title":{"rendered":"Notizblock-Etui GUBBIO"},"content":{"rendered":"<h1>Notizblock-Etui GUBBIO <\/h1>\n<p>Notizblock (A8-blanko), Minikugelschreiber aus Metall, drei Einschubf\u00e4cher f\u00fcr Visitenkarten.<br \/>\nDas Notizblock-Etui &#8220;Gubbio&#8221; von Alassio ist ein elegantes und praktisches Accessoire f\u00fcr den gesch\u00e4ftlichen Alltag. Das Etui besteht aus hochwertigem schwarzem Nappaleder und bietet Platz f\u00fcr einen DIN A8-Notizblock. Zudem gibt es ein Einschubfach, das Platz f\u00fcr lose Dokumente wie z.B. Visitenkarten oder Notizen bietet.<\/p>\n","protected":false},"excerpt":{"rendered":"<ul>\n<li>Edles Etui aus schwarzem Nappaleder<\/li>\n<li>Inkl. Notizblock (A8, blanko) und Metall-Minikugelschreiber<\/li>\n<li>Drei Einschubf\u00e4cher f\u00fcr Visitenkarten<\/li>\n<li>Kompakt und ideal f\u00fcr unterwegs<\/li>\n<\/ul>\n","protected":false},"featured_media":10521,"template":"","meta":{"inline_featured_image":false},"product_brand":[],"product_cat":[1651],"product_tag":[],"class_list":{"0":"post-27603","1":"product","2":"type-product","3":"status-publish","4":"has-post-thumbnail","6":"product_cat-alassio","8":"first","9":"instock","10":"purchasable","11":"product-type-simple"},"_links":{"self":[{"href":"https:\/\/www.juescha.de\/de_de\/wp-json\/wp\/v2\/product\/27603","targetHints":{"allow":["GET"]}}],"collection":[{"href":"https:\/\/www.juescha.de\/de_de\/wp-json\/wp\/v2\/product"}],"about":[{"href":"https:\/\/www.juescha.de\/de_de\/wp-json\/wp\/v2\/types\/product"}],"version-history":[{"count":0,"href":"https:\/\/www.juescha.de\/de_de\/wp-json\/wp\/v2\/product\/27603\/revisions"}],"wp:featuredmedia":[{"embeddable":true,"href":"https:\/\/www.juescha.de\/de_de\/wp-json\/wp\/v2\/media\/10521"}],"wp:attachment":[{"href":"https:\/\/www.juescha.de\/de_de\/wp-json\/wp\/v2\/media?parent=27603"}],"wp:term":[{"taxonomy":"product_brand","embeddable":true,"href":"https:\/\/www.juescha.de\/de_de\/wp-json\/wp\/v2\/product_brand?post=27603"},{"taxonomy":"product_cat","embeddable":true,"href":"https:\/\/www.juescha.de\/de_de\/wp-json\/wp\/v2\/product_cat?post=27603"},{"taxonomy":"product_tag","embeddable":true,"href":"https:\/\/www.juescha.de\/de_de\/wp-json\/wp\/v2\/product_tag?post=27603"}],"curies":[{"name":"wp","href":"https:\/\/api.w.org\/{rel}","templated":true}]}}