{"id":27598,"date":"2025-04-28T19:53:20","date_gmt":"2025-04-28T17:53:20","guid":{"rendered":"https:\/\/www.juescha.de\/shop\/unkategorisiert\/stiftetui\/"},"modified":"2026-01-21T08:49:01","modified_gmt":"2026-01-21T07:49:01","slug":"stiftetui","status":"publish","type":"product","link":"https:\/\/www.juescha.de\/de_de\/shop\/alassio\/stiftetui\/","title":{"rendered":"Stiftetui"},"content":{"rendered":"<h1>Stiftetui <\/h1>\n<p>Hochwertiges Stiftetui aus handschuhweichem Nappaleder mit silber-schwarzem Futter.<br \/>\nDas schwarze Stifteetui von Alassio ist ein elegantes und praktisches Accessoire f\u00fcr den t\u00e4glichen Gebrauch. Das Etui besteht aus hochwertigem Nappaleder und ist sorgf\u00e4ltig verarbeitet, um eine lange Lebensdauer zu gew\u00e4hrleisten. Das Etui ist mit einem Rei\u00dfverschluss versehen, der es einfach macht, das Etui zu \u00f6ffnen und zu schlie\u00dfen.<br \/>\nDas Etui ist 19 x 3,5 cm gro\u00df, was genug Platz f\u00fcr Stifte, Bleistifte und andere Schreibutensilien bietet.<br \/>\nDas schwarze Stifteetui von Alassio ist ein stilvolles und funktionales Accessoire f\u00fcr jeden, der Schreibutensilien unterwegs ben\u00f6tigt. Es eignet sich auch perfekt als Geschenk f\u00fcr Studenten oder Berufst\u00e4tige, die Wert auf Qualit\u00e4t und Stil legen.<\/p>\n","protected":false},"excerpt":{"rendered":"<ul>\n<li>Elegantes Etui aus weichem Nappaleder in Schwarz<\/li>\n<li>Silber-schwarzes Futter f\u00fcr edlen Look<\/li>\n<li>Mit Rei\u00dfverschluss \u2013 ideal f\u00fcr unterwegs<\/li>\n<li>Ma\u00dfe: ca. 19 x 3,5 cm \u2013 passend f\u00fcr mehrere Stifte<\/li>\n<\/ul>\n","protected":false},"featured_media":10513,"template":"","meta":{"inline_featured_image":false},"product_brand":[],"product_cat":[1651],"product_tag":[],"class_list":{"0":"post-27598","1":"product","2":"type-product","3":"status-publish","4":"has-post-thumbnail","6":"product_cat-alassio","8":"first","9":"instock","10":"purchasable","11":"product-type-simple"},"_links":{"self":[{"href":"https:\/\/www.juescha.de\/de_de\/wp-json\/wp\/v2\/product\/27598","targetHints":{"allow":["GET"]}}],"collection":[{"href":"https:\/\/www.juescha.de\/de_de\/wp-json\/wp\/v2\/product"}],"about":[{"href":"https:\/\/www.juescha.de\/de_de\/wp-json\/wp\/v2\/types\/product"}],"version-history":[{"count":0,"href":"https:\/\/www.juescha.de\/de_de\/wp-json\/wp\/v2\/product\/27598\/revisions"}],"wp:featuredmedia":[{"embeddable":true,"href":"https:\/\/www.juescha.de\/de_de\/wp-json\/wp\/v2\/media\/10513"}],"wp:attachment":[{"href":"https:\/\/www.juescha.de\/de_de\/wp-json\/wp\/v2\/media?parent=27598"}],"wp:term":[{"taxonomy":"product_brand","embeddable":true,"href":"https:\/\/www.juescha.de\/de_de\/wp-json\/wp\/v2\/product_brand?post=27598"},{"taxonomy":"product_cat","embeddable":true,"href":"https:\/\/www.juescha.de\/de_de\/wp-json\/wp\/v2\/product_cat?post=27598"},{"taxonomy":"product_tag","embeddable":true,"href":"https:\/\/www.juescha.de\/de_de\/wp-json\/wp\/v2\/product_tag?post=27598"}],"curies":[{"name":"wp","href":"https:\/\/api.w.org\/{rel}","templated":true}]}}