{"id":27596,"date":"2025-04-28T19:53:19","date_gmt":"2025-04-28T17:53:19","guid":{"rendered":"https:\/\/www.juescha.de\/shop\/unkategorisiert\/schlamperrolle-7\/"},"modified":"2026-01-21T08:48:59","modified_gmt":"2026-01-21T07:48:59","slug":"schlamperrolle-7","status":"publish","type":"product","link":"https:\/\/www.juescha.de\/de_de\/shop\/alassio\/schlamperrolle-7\/","title":{"rendered":"Schlamperrolle"},"content":{"rendered":"<h1>Schlamperrolle <\/h1>\n<p>Die Schlamperrolle von Alassio ist eine praktische Aufbewahrungsm\u00f6glichkeit f\u00fcr Stifte, Scheren und andere Schreibutensilien. Sie besteht aus hochwertigem, rosa farbenem Leder, das robust und strapazierf\u00e4hig ist. Die Schlamperrolle verf\u00fcgt \u00fcber einen Rei\u00dfverschluss, der sicherstellt, dass die Utensilien gut aufbewahrt werden k\u00f6nnen und nicht verloren gehen.<br \/>\nDie Schlamperrolle verf\u00fcgt zudem \u00fcber einen praktischen Aufh\u00e4ngehaken, der es erm\u00f6glicht, sie einfach an einer Tasche oder einem Rucksack zu befestigen. Die Schlamperrolle ist sehr gut verarbeitet und eignet sich daher ideal f\u00fcr den t\u00e4glichen Einsatz in Schule, Studium oder Beruf.<\/p>\n","protected":false},"excerpt":{"rendered":"<ul>\n<li>Praktische Schlamperrolle aus robustem, rosa Leder<\/li>\n<li>Mit Rei\u00dfverschluss und Aufh\u00e4ngehaken<\/li>\n<li>Ideal f\u00fcr Stifte, Scheren &#038; mehr<\/li>\n<li>Perfekt f\u00fcr Schule, Studium oder B\u00fcro<\/li>\n<\/ul>\n","protected":false},"featured_media":10511,"template":"","meta":{"inline_featured_image":false},"product_brand":[],"product_cat":[1651],"product_tag":[],"class_list":{"0":"post-27596","1":"product","2":"type-product","3":"status-publish","4":"has-post-thumbnail","6":"product_cat-alassio","8":"first","9":"instock","10":"purchasable","11":"product-type-simple"},"_links":{"self":[{"href":"https:\/\/www.juescha.de\/de_de\/wp-json\/wp\/v2\/product\/27596","targetHints":{"allow":["GET"]}}],"collection":[{"href":"https:\/\/www.juescha.de\/de_de\/wp-json\/wp\/v2\/product"}],"about":[{"href":"https:\/\/www.juescha.de\/de_de\/wp-json\/wp\/v2\/types\/product"}],"version-history":[{"count":0,"href":"https:\/\/www.juescha.de\/de_de\/wp-json\/wp\/v2\/product\/27596\/revisions"}],"wp:featuredmedia":[{"embeddable":true,"href":"https:\/\/www.juescha.de\/de_de\/wp-json\/wp\/v2\/media\/10511"}],"wp:attachment":[{"href":"https:\/\/www.juescha.de\/de_de\/wp-json\/wp\/v2\/media?parent=27596"}],"wp:term":[{"taxonomy":"product_brand","embeddable":true,"href":"https:\/\/www.juescha.de\/de_de\/wp-json\/wp\/v2\/product_brand?post=27596"},{"taxonomy":"product_cat","embeddable":true,"href":"https:\/\/www.juescha.de\/de_de\/wp-json\/wp\/v2\/product_cat?post=27596"},{"taxonomy":"product_tag","embeddable":true,"href":"https:\/\/www.juescha.de\/de_de\/wp-json\/wp\/v2\/product_tag?post=27596"}],"curies":[{"name":"wp","href":"https:\/\/api.w.org\/{rel}","templated":true}]}}