{"id":27595,"date":"2025-04-28T19:53:19","date_gmt":"2025-04-28T17:53:19","guid":{"rendered":"https:\/\/www.juescha.de\/shop\/unkategorisiert\/schlamperrolle-6\/"},"modified":"2026-01-21T08:48:59","modified_gmt":"2026-01-21T07:48:59","slug":"schlamperrolle-6","status":"publish","type":"product","link":"https:\/\/www.juescha.de\/de_de\/shop\/alassio\/schlamperrolle-6\/","title":{"rendered":"Schlamperrolle"},"content":{"rendered":"<h1>Schlamperrolle <\/h1>\n<p>Die Schlamperrolle in T\u00fcrkis von Alassio ist ein praktisches und stilvolles Accessoire f\u00fcr die Schule oder das B\u00fcro. Sie besteht aus strapazierf\u00e4higem Leder und ist mit einem Rei\u00dfverschluss ausgestattet, der einen einfachen Zugriff auf den Inhalt erm\u00f6glicht. Aufgrund ihrer hohen Qualit\u00e4t und Langlebigkeit, ist sie ein idealer Begleiter f\u00fcr Sch\u00fcler und Studenten.<\/p>\n","protected":false},"excerpt":{"rendered":"<ul>\n<li>Schlamperrolle aus strapazierf\u00e4higem Leder in T\u00fcrkis<\/li>\n<li>Mit Rei\u00dfverschluss f\u00fcr schnellen Zugriff<\/li>\n<li>Robust und langlebig \u2013 ideal f\u00fcr Schule &#038; B\u00fcro<\/li>\n<li>Praktisches, stilvolles Accessoire f\u00fcr Schreibutensilien<\/li>\n<\/ul>\n","protected":false},"featured_media":10511,"template":"","meta":{"inline_featured_image":false},"product_brand":[],"product_cat":[1651],"product_tag":[],"class_list":{"0":"post-27595","1":"product","2":"type-product","3":"status-publish","4":"has-post-thumbnail","6":"product_cat-alassio","8":"first","9":"instock","10":"purchasable","11":"product-type-simple"},"_links":{"self":[{"href":"https:\/\/www.juescha.de\/de_de\/wp-json\/wp\/v2\/product\/27595","targetHints":{"allow":["GET"]}}],"collection":[{"href":"https:\/\/www.juescha.de\/de_de\/wp-json\/wp\/v2\/product"}],"about":[{"href":"https:\/\/www.juescha.de\/de_de\/wp-json\/wp\/v2\/types\/product"}],"version-history":[{"count":0,"href":"https:\/\/www.juescha.de\/de_de\/wp-json\/wp\/v2\/product\/27595\/revisions"}],"wp:featuredmedia":[{"embeddable":true,"href":"https:\/\/www.juescha.de\/de_de\/wp-json\/wp\/v2\/media\/10511"}],"wp:attachment":[{"href":"https:\/\/www.juescha.de\/de_de\/wp-json\/wp\/v2\/media?parent=27595"}],"wp:term":[{"taxonomy":"product_brand","embeddable":true,"href":"https:\/\/www.juescha.de\/de_de\/wp-json\/wp\/v2\/product_brand?post=27595"},{"taxonomy":"product_cat","embeddable":true,"href":"https:\/\/www.juescha.de\/de_de\/wp-json\/wp\/v2\/product_cat?post=27595"},{"taxonomy":"product_tag","embeddable":true,"href":"https:\/\/www.juescha.de\/de_de\/wp-json\/wp\/v2\/product_tag?post=27595"}],"curies":[{"name":"wp","href":"https:\/\/api.w.org\/{rel}","templated":true}]}}