{"id":27594,"date":"2025-04-28T19:53:19","date_gmt":"2025-04-28T17:53:19","guid":{"rendered":"https:\/\/www.juescha.de\/shop\/unkategorisiert\/schlamperrolle-5\/"},"modified":"2026-01-21T08:48:59","modified_gmt":"2026-01-21T07:48:59","slug":"schlamperrolle-5","status":"publish","type":"product","link":"https:\/\/www.juescha.de\/de_de\/shop\/alassio\/schlamperrolle-5\/","title":{"rendered":"Schlamperrolle"},"content":{"rendered":"<h1>Schlamperrolle <\/h1>\n<p>Die Schlamperrolle in hellgr\u00fcn von Alassio ist ein praktisches und stilvolles Accessoire f\u00fcr Sch\u00fcler und Studenten. Die Rolle besteht aus hochwertigem Leder und hat eine Gr\u00f6\u00dfe von ca. 21 x 6 cm. Sie ist mit einem Rei\u00dfverschluss verschlie\u00dfbar und bietet ausreichend Platz f\u00fcr Stifte, Radiergummis, Lineale und andere Schreibutensilien.<br \/>\nSie ist langlebig und robust und bietet eine praktische M\u00f6glichkeit, alle wichtigen Schreibutensilien an einem Ort aufzubewahren. Die Schlamperrolle in hellgr\u00fcn von Alassio ist eine praktische und stilvolle Option f\u00fcr Sch\u00fcler und Studenten, die ihre Schreibutensilien sicher und organisiert aufbewahren m\u00f6chten.<\/p>\n","protected":false},"excerpt":{"rendered":"<ul>\n<li>Schlamperrolle aus hochwertigem Leder in hellgr\u00fcn<\/li>\n<li>Rei\u00dfverschluss f\u00fcr sicheren Verschluss<\/li>\n<li>Gr\u00f6\u00dfe ca. 21 x 6 cm \u2013 ideal f\u00fcr Stifte &#038; Co.<\/li>\n<li>Robust, langlebig und stilvoll f\u00fcr Schule &#038; Uni<\/li>\n<\/ul>\n","protected":false},"featured_media":10511,"template":"","meta":{"inline_featured_image":false},"product_brand":[],"product_cat":[1651],"product_tag":[],"class_list":{"0":"post-27594","1":"product","2":"type-product","3":"status-publish","4":"has-post-thumbnail","6":"product_cat-alassio","8":"first","9":"instock","10":"purchasable","11":"product-type-simple"},"_links":{"self":[{"href":"https:\/\/www.juescha.de\/de_de\/wp-json\/wp\/v2\/product\/27594","targetHints":{"allow":["GET"]}}],"collection":[{"href":"https:\/\/www.juescha.de\/de_de\/wp-json\/wp\/v2\/product"}],"about":[{"href":"https:\/\/www.juescha.de\/de_de\/wp-json\/wp\/v2\/types\/product"}],"version-history":[{"count":0,"href":"https:\/\/www.juescha.de\/de_de\/wp-json\/wp\/v2\/product\/27594\/revisions"}],"wp:featuredmedia":[{"embeddable":true,"href":"https:\/\/www.juescha.de\/de_de\/wp-json\/wp\/v2\/media\/10511"}],"wp:attachment":[{"href":"https:\/\/www.juescha.de\/de_de\/wp-json\/wp\/v2\/media?parent=27594"}],"wp:term":[{"taxonomy":"product_brand","embeddable":true,"href":"https:\/\/www.juescha.de\/de_de\/wp-json\/wp\/v2\/product_brand?post=27594"},{"taxonomy":"product_cat","embeddable":true,"href":"https:\/\/www.juescha.de\/de_de\/wp-json\/wp\/v2\/product_cat?post=27594"},{"taxonomy":"product_tag","embeddable":true,"href":"https:\/\/www.juescha.de\/de_de\/wp-json\/wp\/v2\/product_tag?post=27594"}],"curies":[{"name":"wp","href":"https:\/\/api.w.org\/{rel}","templated":true}]}}