{"id":27593,"date":"2025-04-28T19:53:19","date_gmt":"2025-04-28T17:53:19","guid":{"rendered":"https:\/\/www.juescha.de\/shop\/unkategorisiert\/schlamperrolle-4\/"},"modified":"2026-01-21T08:48:59","modified_gmt":"2026-01-21T07:48:59","slug":"schlamperrolle-4","status":"publish","type":"product","link":"https:\/\/www.juescha.de\/de_de\/shop\/alassio\/schlamperrolle-4\/","title":{"rendered":"Schlamperrolle"},"content":{"rendered":"<h1>Schlamperrolle <\/h1>\n<p>Die Schlamperrolle in Orange von Alassio ist ein praktisches Utensilienetui, das sich ideal zum Aufbewahren von Schreibutensilien wie Stiften, Radiergummis, Linealen und anderen kleinen Gegenst\u00e4nden eignet.<br \/>\nDie Schlamperrolle ist aus robustem Leder gefertigt und hat eine leuchtend orange Farbe. Sie ist ca. 21 c 6 cm gro\u00df und passt somit praktisch in jede Tasche.<br \/>\n Insgesamt ist die  Schlamperrolle von Alassio eine gute Wahl f\u00fcr Sch\u00fcler, Studenten und Berufst\u00e4tige, die ihre Schreibutensilien und andere kleine Gegenst\u00e4nde sicher und platzsparend aufbewahren m\u00f6chten.<\/p>\n","protected":false},"excerpt":{"rendered":"<ul>\n<li>Schlamperrolle aus robustem Leder in leuchtendem Orange<\/li>\n<li>Ideal f\u00fcr Stifte, Radiergummis und kleine Utensilien<\/li>\n<li>Kompakte Gr\u00f6\u00dfe: ca. 21 x 6 cm<\/li>\n<li>Perfekt f\u00fcr Schule, Uni oder B\u00fcro<\/li>\n<\/ul>\n","protected":false},"featured_media":10511,"template":"","meta":{"inline_featured_image":false},"product_brand":[],"product_cat":[1651],"product_tag":[],"class_list":{"0":"post-27593","1":"product","2":"type-product","3":"status-publish","4":"has-post-thumbnail","6":"product_cat-alassio","8":"first","9":"instock","10":"purchasable","11":"product-type-simple"},"_links":{"self":[{"href":"https:\/\/www.juescha.de\/de_de\/wp-json\/wp\/v2\/product\/27593","targetHints":{"allow":["GET"]}}],"collection":[{"href":"https:\/\/www.juescha.de\/de_de\/wp-json\/wp\/v2\/product"}],"about":[{"href":"https:\/\/www.juescha.de\/de_de\/wp-json\/wp\/v2\/types\/product"}],"version-history":[{"count":0,"href":"https:\/\/www.juescha.de\/de_de\/wp-json\/wp\/v2\/product\/27593\/revisions"}],"wp:featuredmedia":[{"embeddable":true,"href":"https:\/\/www.juescha.de\/de_de\/wp-json\/wp\/v2\/media\/10511"}],"wp:attachment":[{"href":"https:\/\/www.juescha.de\/de_de\/wp-json\/wp\/v2\/media?parent=27593"}],"wp:term":[{"taxonomy":"product_brand","embeddable":true,"href":"https:\/\/www.juescha.de\/de_de\/wp-json\/wp\/v2\/product_brand?post=27593"},{"taxonomy":"product_cat","embeddable":true,"href":"https:\/\/www.juescha.de\/de_de\/wp-json\/wp\/v2\/product_cat?post=27593"},{"taxonomy":"product_tag","embeddable":true,"href":"https:\/\/www.juescha.de\/de_de\/wp-json\/wp\/v2\/product_tag?post=27593"}],"curies":[{"name":"wp","href":"https:\/\/api.w.org\/{rel}","templated":true}]}}