{"id":27592,"date":"2025-04-28T19:53:18","date_gmt":"2025-04-28T17:53:18","guid":{"rendered":"https:\/\/www.juescha.de\/shop\/unkategorisiert\/schlamperrolle-3\/"},"modified":"2026-01-21T08:48:59","modified_gmt":"2026-01-21T07:48:59","slug":"schlamperrolle-3","status":"publish","type":"product","link":"https:\/\/www.juescha.de\/de_de\/shop\/alassio\/schlamperrolle-3\/","title":{"rendered":"Schlamperrolle"},"content":{"rendered":"<h1>Schlamperrolle <\/h1>\n<p>Die Schlamperrolle in rot von Alassio ist ein praktisches Produkt f\u00fcr Sch\u00fcler und Studenten, um ihre Stifte, Scheren und anderen Schreibutensilien sicher und organisiert zu transportieren. Die Rolle besteht aus hochwertigem Leder und ist in einer attraktiven roten Farbe gehalten.<br \/>\nDie Schlamperrolle hat eine Gr\u00f6\u00dfe von 21 x 6 cm und ist mit einem Rei\u00dfverschluss ausgestattet, der das \u00d6ffnen und Schlie\u00dfen der Tasche erleichtert. In<br \/>\nInsgesamt ist die Schlamperrolle von Alassio eine robuste und praktische Schlamperrolle, die Sch\u00fclern und Studenten helfen kann, ihre Schreibutensilien sicher und organisiert zu halten.<\/p>\n","protected":false},"excerpt":{"rendered":"<ul>\n<li>Praktische Schlamperrolle aus hochwertigem Leder<\/li>\n<li>Leuchtendes Rot, ca. 21 x 6 cm gro\u00df<\/li>\n<li>Mit Rei\u00dfverschluss f\u00fcr sicheren Verschluss<\/li>\n<li>Ideal f\u00fcr Stifte, Scheren und kleine Utensilien<\/li>\n<\/ul>\n","protected":false},"featured_media":10511,"template":"","meta":{"inline_featured_image":false},"product_brand":[],"product_cat":[1651],"product_tag":[],"class_list":{"0":"post-27592","1":"product","2":"type-product","3":"status-publish","4":"has-post-thumbnail","6":"product_cat-alassio","8":"first","9":"instock","10":"purchasable","11":"product-type-simple"},"_links":{"self":[{"href":"https:\/\/www.juescha.de\/de_de\/wp-json\/wp\/v2\/product\/27592","targetHints":{"allow":["GET"]}}],"collection":[{"href":"https:\/\/www.juescha.de\/de_de\/wp-json\/wp\/v2\/product"}],"about":[{"href":"https:\/\/www.juescha.de\/de_de\/wp-json\/wp\/v2\/types\/product"}],"version-history":[{"count":0,"href":"https:\/\/www.juescha.de\/de_de\/wp-json\/wp\/v2\/product\/27592\/revisions"}],"wp:featuredmedia":[{"embeddable":true,"href":"https:\/\/www.juescha.de\/de_de\/wp-json\/wp\/v2\/media\/10511"}],"wp:attachment":[{"href":"https:\/\/www.juescha.de\/de_de\/wp-json\/wp\/v2\/media?parent=27592"}],"wp:term":[{"taxonomy":"product_brand","embeddable":true,"href":"https:\/\/www.juescha.de\/de_de\/wp-json\/wp\/v2\/product_brand?post=27592"},{"taxonomy":"product_cat","embeddable":true,"href":"https:\/\/www.juescha.de\/de_de\/wp-json\/wp\/v2\/product_cat?post=27592"},{"taxonomy":"product_tag","embeddable":true,"href":"https:\/\/www.juescha.de\/de_de\/wp-json\/wp\/v2\/product_tag?post=27592"}],"curies":[{"name":"wp","href":"https:\/\/api.w.org\/{rel}","templated":true}]}}