{"id":27590,"date":"2025-04-28T19:53:17","date_gmt":"2025-04-28T17:53:17","guid":{"rendered":"https:\/\/www.juescha.de\/shop\/unkategorisiert\/schlamperrolle\/"},"modified":"2026-01-21T08:49:01","modified_gmt":"2026-01-21T07:49:01","slug":"schlamperrolle","status":"publish","type":"product","link":"https:\/\/www.juescha.de\/de_de\/shop\/alassio\/schlamperrolle\/","title":{"rendered":"Schlamperrolle"},"content":{"rendered":"<h1>Schlamperrolle <\/h1>\n<p>Schlamperrolle.<br \/>\nDie Schlamperrolle von Alassio ist ein praktisches Utensilien-Etui zur Aufbewahrung von Stiften, Linealen und anderen Schreibwaren. Es ist aus strapazierf\u00e4higem Leder in schwarz gefertigt und hat eine Gr\u00f6\u00dfe von 21 x 6 cm. Das Etui verf\u00fcgt \u00fcber einen Rei\u00dfverschluss, der es sicher verschlie\u00dft, sowie \u00fcber eine Schlaufe, mit der es an einem Rucksack oder einer Tasche befestigt werden kann.<br \/>\nDas Innenleben der Schlamperrolle besteht aus einem gro\u00dfen Fach, in dem Stifte, Scheren, Radiergummis und andere Utensilien aufbewahrt werden k\u00f6nnen.<\/p>\n","protected":false},"excerpt":{"rendered":"<ul>\n<li>Robuste Schlamperrolle aus schwarzem Leder<\/li>\n<li>Gr\u00f6\u00dfe ca. 21 x 6 cm, mit Rei\u00dfverschluss<\/li>\n<li>Gro\u00dfes Hauptfach f\u00fcr Stifte &#038; Zubeh\u00f6r<\/li>\n<li>Mit Trageschlaufe \u2013 ideal f\u00fcr Schule &#038; B\u00fcro<\/li>\n<\/ul>\n","protected":false},"featured_media":10511,"template":"","meta":{"inline_featured_image":false},"product_brand":[],"product_cat":[1651],"product_tag":[],"class_list":{"0":"post-27590","1":"product","2":"type-product","3":"status-publish","4":"has-post-thumbnail","6":"product_cat-alassio","8":"first","9":"instock","10":"purchasable","11":"product-type-simple"},"_links":{"self":[{"href":"https:\/\/www.juescha.de\/de_de\/wp-json\/wp\/v2\/product\/27590","targetHints":{"allow":["GET"]}}],"collection":[{"href":"https:\/\/www.juescha.de\/de_de\/wp-json\/wp\/v2\/product"}],"about":[{"href":"https:\/\/www.juescha.de\/de_de\/wp-json\/wp\/v2\/types\/product"}],"version-history":[{"count":0,"href":"https:\/\/www.juescha.de\/de_de\/wp-json\/wp\/v2\/product\/27590\/revisions"}],"wp:featuredmedia":[{"embeddable":true,"href":"https:\/\/www.juescha.de\/de_de\/wp-json\/wp\/v2\/media\/10511"}],"wp:attachment":[{"href":"https:\/\/www.juescha.de\/de_de\/wp-json\/wp\/v2\/media?parent=27590"}],"wp:term":[{"taxonomy":"product_brand","embeddable":true,"href":"https:\/\/www.juescha.de\/de_de\/wp-json\/wp\/v2\/product_brand?post=27590"},{"taxonomy":"product_cat","embeddable":true,"href":"https:\/\/www.juescha.de\/de_de\/wp-json\/wp\/v2\/product_cat?post=27590"},{"taxonomy":"product_tag","embeddable":true,"href":"https:\/\/www.juescha.de\/de_de\/wp-json\/wp\/v2\/product_tag?post=27590"}],"curies":[{"name":"wp","href":"https:\/\/api.w.org\/{rel}","templated":true}]}}