{"id":27589,"date":"2025-04-28T19:53:17","date_gmt":"2025-04-28T17:53:17","guid":{"rendered":"https:\/\/www.juescha.de\/shop\/unkategorisiert\/schreibgeraeteetui-10\/"},"modified":"2026-01-21T08:49:26","modified_gmt":"2026-01-21T07:49:26","slug":"schreibgeraeteetui-10","status":"publish","type":"product","link":"https:\/\/www.juescha.de\/de_de\/shop\/alassio\/schreibgeraeteetui-10\/","title":{"rendered":"Schreibger\u00e4teetui"},"content":{"rendered":"<h1>Schreibger\u00e4teetui<\/h1>\n<p>Rei\u00dfverschluss-Stiftetui f\u00fcr drei Schreibger\u00e4te, zwei weitere Schlaufen f\u00fcr USB-Sticks oder Accessoires, Einschubfach, hochwertiges, braunes Innenfutter (ohne Inhalt).<br \/>\nDas Schreibger\u00e4teetui von Alassio, welches in braun-blau gehalten ist, ist ein elegantes und praktisches Accessoire f\u00fcr den t\u00e4glichen Gebrauch. Das Etui ist aus hochwertigem Hunter Leder gefertigt und verf\u00fcgt \u00fcber einen Rei\u00dfverschluss, der sicherstellt, dass die Stifte und andere Schreibger\u00e4te im Etui gut gesch\u00fctzt sind.<br \/>\nDas Etui hat eine Gr\u00f6\u00dfe von 17,5 x 8x 2,5 cm und bietet gen\u00fcgend Platz f\u00fcr verschiedene Schreibger\u00e4te wie Stifte, Kugelschreiber und Marker.<br \/>\nDas braun-blaue Design des Etuis ist sehr ansprechend und verleiht dem Etui eine stilvolle Optik. Das Etui ist sowohl f\u00fcr M\u00e4nner als auch f\u00fcr Frauen geeignet und eignet sich sowohl f\u00fcr den t\u00e4glichen Gebrauch als auch f\u00fcr Gesch\u00e4ftsreisen und Meetings.<\/p>\n","protected":false},"excerpt":{"rendered":"<ul>\n<li>Edles Stiftetui aus Hunter Leder in Braun-Blau<\/li>\n<li>Platz f\u00fcr 3 Schreibger\u00e4te + 2 USB-Sticks<\/li>\n<li>Hochwertiges, braunes Innenfutter mit Einschubfach<\/li>\n<li>Ideal f\u00fcr Alltag, B\u00fcro oder Gesch\u00e4ftsreisen<\/li>\n<\/ul>\n","protected":false},"featured_media":10508,"template":"","meta":{"inline_featured_image":false},"product_brand":[],"product_cat":[1651],"product_tag":[],"class_list":{"0":"post-27589","1":"product","2":"type-product","3":"status-publish","4":"has-post-thumbnail","6":"product_cat-alassio","8":"first","9":"instock","10":"purchasable","11":"product-type-simple"},"_links":{"self":[{"href":"https:\/\/www.juescha.de\/de_de\/wp-json\/wp\/v2\/product\/27589","targetHints":{"allow":["GET"]}}],"collection":[{"href":"https:\/\/www.juescha.de\/de_de\/wp-json\/wp\/v2\/product"}],"about":[{"href":"https:\/\/www.juescha.de\/de_de\/wp-json\/wp\/v2\/types\/product"}],"version-history":[{"count":0,"href":"https:\/\/www.juescha.de\/de_de\/wp-json\/wp\/v2\/product\/27589\/revisions"}],"wp:featuredmedia":[{"embeddable":true,"href":"https:\/\/www.juescha.de\/de_de\/wp-json\/wp\/v2\/media\/10508"}],"wp:attachment":[{"href":"https:\/\/www.juescha.de\/de_de\/wp-json\/wp\/v2\/media?parent=27589"}],"wp:term":[{"taxonomy":"product_brand","embeddable":true,"href":"https:\/\/www.juescha.de\/de_de\/wp-json\/wp\/v2\/product_brand?post=27589"},{"taxonomy":"product_cat","embeddable":true,"href":"https:\/\/www.juescha.de\/de_de\/wp-json\/wp\/v2\/product_cat?post=27589"},{"taxonomy":"product_tag","embeddable":true,"href":"https:\/\/www.juescha.de\/de_de\/wp-json\/wp\/v2\/product_tag?post=27589"}],"curies":[{"name":"wp","href":"https:\/\/api.w.org\/{rel}","templated":true}]}}