{"id":27588,"date":"2025-04-28T19:53:17","date_gmt":"2025-04-28T17:53:17","guid":{"rendered":"https:\/\/www.juescha.de\/shop\/unkategorisiert\/schreibgeraeteetui-9\/"},"modified":"2026-01-21T08:49:26","modified_gmt":"2026-01-21T07:49:26","slug":"schreibgeraeteetui-9","status":"publish","type":"product","link":"https:\/\/www.juescha.de\/de_de\/shop\/alassio\/schreibgeraeteetui-9\/","title":{"rendered":"Schreibger\u00e4teetui"},"content":{"rendered":"<h1>Schreibger\u00e4teetui<\/h1>\n<p>Rei\u00dfverschluss-Stiftetui f\u00fcr drei Schreibger\u00e4te, zwei weitere Schlaufen f\u00fcr USB-Sticks oder Accessoires, Einschubfach, hochwertiges, braunes Innenfutter (ohne Inhalt).<br \/>\nDas Schreibger\u00e4teetui von Alassio ist ein stilvolles und praktisches Accessoire f\u00fcr Schreibutensilien wie Stifte, Kugelschreiber und Bleistifte. Es hat eine rechteckige Form und besteht aus hochwertigem grauem Kunstleder, das langlebig und pflegeleicht ist. Das Etui ist mit einem Rei\u00dfverschluss ausgestattet, der sicherstellt, dass Ihre Schreibger\u00e4te sicher und gesch\u00fctzt aufbewahrt werden.<br \/>\nDas Innenfutter des Etuis besteht aus weichem schwarzen Samt, das Ihre Schreibger\u00e4te vor Kratzern und Besch\u00e4digungen sch\u00fctzt. Das Etui verf\u00fcgt \u00fcber mehrere elastische Schlaufen, die Ihre Stifte und Schreibger\u00e4te sicher an ihrem Platz halten, so dass sie nicht durcheinander geraten oder besch\u00e4digt werden. Das Alassio Schreibger\u00e4teetui in Grau ist ein stilvolles Accessoire f\u00fcr den t\u00e4glichen Gebrauch im B\u00fcro oder unterwegs und bietet ausreichend Platz f\u00fcr alle Ihre Schreibutensilien.<\/p>\n","protected":false},"excerpt":{"rendered":"<ul>\n<li>Stilvolles Schreibger\u00e4teetui aus grauem Kunstleder<\/li>\n<li>Platz f\u00fcr drei Stifte und zwei USB-Sticks<\/li>\n<li>Innenfutter aus weichem schwarzem Samt<\/li>\n<li>Rei\u00dfverschluss sorgt f\u00fcr sicheren Verschluss<\/li>\n<\/ul>\n","protected":false},"featured_media":10505,"template":"","meta":{"inline_featured_image":false},"product_brand":[],"product_cat":[1651],"product_tag":[],"class_list":{"0":"post-27588","1":"product","2":"type-product","3":"status-publish","4":"has-post-thumbnail","6":"product_cat-alassio","8":"first","9":"instock","10":"purchasable","11":"product-type-simple"},"_links":{"self":[{"href":"https:\/\/www.juescha.de\/de_de\/wp-json\/wp\/v2\/product\/27588","targetHints":{"allow":["GET"]}}],"collection":[{"href":"https:\/\/www.juescha.de\/de_de\/wp-json\/wp\/v2\/product"}],"about":[{"href":"https:\/\/www.juescha.de\/de_de\/wp-json\/wp\/v2\/types\/product"}],"version-history":[{"count":0,"href":"https:\/\/www.juescha.de\/de_de\/wp-json\/wp\/v2\/product\/27588\/revisions"}],"wp:featuredmedia":[{"embeddable":true,"href":"https:\/\/www.juescha.de\/de_de\/wp-json\/wp\/v2\/media\/10505"}],"wp:attachment":[{"href":"https:\/\/www.juescha.de\/de_de\/wp-json\/wp\/v2\/media?parent=27588"}],"wp:term":[{"taxonomy":"product_brand","embeddable":true,"href":"https:\/\/www.juescha.de\/de_de\/wp-json\/wp\/v2\/product_brand?post=27588"},{"taxonomy":"product_cat","embeddable":true,"href":"https:\/\/www.juescha.de\/de_de\/wp-json\/wp\/v2\/product_cat?post=27588"},{"taxonomy":"product_tag","embeddable":true,"href":"https:\/\/www.juescha.de\/de_de\/wp-json\/wp\/v2\/product_tag?post=27588"}],"curies":[{"name":"wp","href":"https:\/\/api.w.org\/{rel}","templated":true}]}}