{"id":27579,"date":"2025-04-28T19:53:15","date_gmt":"2025-04-28T17:53:15","guid":{"rendered":"https:\/\/www.juescha.de\/shop\/unkategorisiert\/utensilienschale\/"},"modified":"2026-01-21T08:48:31","modified_gmt":"2026-01-21T07:48:31","slug":"utensilienschale","status":"publish","type":"product","link":"https:\/\/www.juescha.de\/de_de\/shop\/alassio\/utensilienschale\/","title":{"rendered":"Utensilienschale"},"content":{"rendered":"<h1>Utensilienschale mit Druckkn\u00f6pfen  <\/h1>\n<p>Die Utensilienschale in Schwarz von Alassio ist eine elegante und praktische Aufbewahrungsm\u00f6glichkeit f\u00fcr Schreibutensilien und B\u00fcrozubeh\u00f6r. Sie besteht aus hochwertigem Leder und hat eine Gr\u00f6\u00dfe von 16 x 10 x 4 cm.<br \/>\nDie schwarze Farbe der Utensilienschale verleiht ihr ein zeitloses und klassisches Aussehen, das gut zu jedem Schreibtisch oder Arbeitsplatz passt. Die Verarbeitung des Materials und die Qualit\u00e4t des Designs sind auf den ersten Blick erkennbar.<\/p>\n","protected":false},"excerpt":{"rendered":"<ul>\n<li>Elegante Utensilienschale aus schwarzem Leder<\/li>\n<li>Ideal f\u00fcr Stifte, B\u00fcroklammern &#038; Kleinteile<\/li>\n<li>Mit praktischen Druckkn\u00f6pfen f\u00fcr festen Halt<\/li>\n<li>Ma\u00dfe: ca. 16 x 10 x 4 cm<\/li>\n<\/ul>\n","protected":false},"featured_media":10491,"template":"","meta":{"inline_featured_image":false},"product_brand":[],"product_cat":[1651],"product_tag":[],"class_list":{"0":"post-27579","1":"product","2":"type-product","3":"status-publish","4":"has-post-thumbnail","6":"product_cat-alassio","8":"first","9":"instock","10":"purchasable","11":"product-type-simple"},"_links":{"self":[{"href":"https:\/\/www.juescha.de\/de_de\/wp-json\/wp\/v2\/product\/27579","targetHints":{"allow":["GET"]}}],"collection":[{"href":"https:\/\/www.juescha.de\/de_de\/wp-json\/wp\/v2\/product"}],"about":[{"href":"https:\/\/www.juescha.de\/de_de\/wp-json\/wp\/v2\/types\/product"}],"version-history":[{"count":0,"href":"https:\/\/www.juescha.de\/de_de\/wp-json\/wp\/v2\/product\/27579\/revisions"}],"wp:featuredmedia":[{"embeddable":true,"href":"https:\/\/www.juescha.de\/de_de\/wp-json\/wp\/v2\/media\/10491"}],"wp:attachment":[{"href":"https:\/\/www.juescha.de\/de_de\/wp-json\/wp\/v2\/media?parent=27579"}],"wp:term":[{"taxonomy":"product_brand","embeddable":true,"href":"https:\/\/www.juescha.de\/de_de\/wp-json\/wp\/v2\/product_brand?post=27579"},{"taxonomy":"product_cat","embeddable":true,"href":"https:\/\/www.juescha.de\/de_de\/wp-json\/wp\/v2\/product_cat?post=27579"},{"taxonomy":"product_tag","embeddable":true,"href":"https:\/\/www.juescha.de\/de_de\/wp-json\/wp\/v2\/product_tag?post=27579"}],"curies":[{"name":"wp","href":"https:\/\/api.w.org\/{rel}","templated":true}]}}