{"id":27578,"date":"2025-04-28T19:53:15","date_gmt":"2025-04-28T17:53:15","guid":{"rendered":"https:\/\/www.juescha.de\/shop\/unkategorisiert\/utensilienschale-emilia-5\/"},"modified":"2026-01-21T08:49:13","modified_gmt":"2026-01-21T07:49:13","slug":"utensilienschale-emilia-5","status":"publish","type":"product","link":"https:\/\/www.juescha.de\/de_de\/shop\/alassio\/utensilienschale-emilia-5\/","title":{"rendered":"Utensilienschale EMILIA"},"content":{"rendered":"<h1>Utensilienschale EMILIA<\/h1>\n<p>Die Utensilienschale Emilia in rosa von Alassio ist eine stilvolle und praktische Aufbewahrungsl\u00f6sung f\u00fcr Stifte, Textmaker, B\u00fcroklammern und vieles mehr. Die Schale ist aus hochwertigem Lederimitat gefertigt und verf\u00fcgt \u00fcber eine glatte Oberfl\u00e4che, die angenehm anzufassen ist.<br \/>\nDie Abmessungen der Schale betragen 10,5 x 10,5 x 4 cm, was ausreichend Platz f\u00fcr verschiedene Gegenst\u00e4nde bietet.<br \/>\nDie Farbe der Schale ist ein sch\u00f6nes Rosa, das eine feminine und elegante Note verleiht. Die Emilia Utensilienschale ist ein attraktives Accessoire f\u00fcr den Schreibtisch und kann auch als Geschenk f\u00fcr Freunde oder Familie verwendet werden.<\/p>\n","protected":false},"excerpt":{"rendered":"<ul>\n<li>Schicke Utensilienschale aus rosa Lederimitat<\/li>\n<li>Perfekt f\u00fcr Stifte, B\u00fcroklammern &#038; Kleinteile<\/li>\n<li>Elegante, feminine Optik mit glatter Oberfl\u00e4che<\/li>\n<li>Ma\u00dfe: ca. 10,5 x 10,5 x 4 cm<\/li>\n<\/ul>\n","protected":false},"featured_media":10489,"template":"","meta":{"inline_featured_image":false},"product_brand":[],"product_cat":[1651],"product_tag":[],"class_list":{"0":"post-27578","1":"product","2":"type-product","3":"status-publish","4":"has-post-thumbnail","6":"product_cat-alassio","8":"first","9":"instock","10":"purchasable","11":"product-type-simple"},"_links":{"self":[{"href":"https:\/\/www.juescha.de\/de_de\/wp-json\/wp\/v2\/product\/27578","targetHints":{"allow":["GET"]}}],"collection":[{"href":"https:\/\/www.juescha.de\/de_de\/wp-json\/wp\/v2\/product"}],"about":[{"href":"https:\/\/www.juescha.de\/de_de\/wp-json\/wp\/v2\/types\/product"}],"version-history":[{"count":0,"href":"https:\/\/www.juescha.de\/de_de\/wp-json\/wp\/v2\/product\/27578\/revisions"}],"wp:featuredmedia":[{"embeddable":true,"href":"https:\/\/www.juescha.de\/de_de\/wp-json\/wp\/v2\/media\/10489"}],"wp:attachment":[{"href":"https:\/\/www.juescha.de\/de_de\/wp-json\/wp\/v2\/media?parent=27578"}],"wp:term":[{"taxonomy":"product_brand","embeddable":true,"href":"https:\/\/www.juescha.de\/de_de\/wp-json\/wp\/v2\/product_brand?post=27578"},{"taxonomy":"product_cat","embeddable":true,"href":"https:\/\/www.juescha.de\/de_de\/wp-json\/wp\/v2\/product_cat?post=27578"},{"taxonomy":"product_tag","embeddable":true,"href":"https:\/\/www.juescha.de\/de_de\/wp-json\/wp\/v2\/product_tag?post=27578"}],"curies":[{"name":"wp","href":"https:\/\/api.w.org\/{rel}","templated":true}]}}