{"id":27576,"date":"2025-04-28T19:53:14","date_gmt":"2025-04-28T17:53:14","guid":{"rendered":"https:\/\/www.juescha.de\/shop\/unkategorisiert\/utensilienschale-emilia-3\/"},"modified":"2026-01-21T08:49:13","modified_gmt":"2026-01-21T07:49:13","slug":"utensilienschale-emilia-3","status":"publish","type":"product","link":"https:\/\/www.juescha.de\/de_de\/shop\/alassio\/utensilienschale-emilia-3\/","title":{"rendered":"Utensilienschale EMILIA"},"content":{"rendered":"<h1>Utensilienschale EMILIA<\/h1>\n<p>Die Utensilienschale Emilia in Orange von Alassio ist eine elegante und praktische Aufbewahrungsl\u00f6sung f\u00fcr Schreibtischzubeh\u00f6r wie Stifte, B\u00fcroklammern, Lineale und vieles mehr. Die Schale besteht aus hochwertigem, strapazierf\u00e4higem Lederimitat und ist in einem ansprechenden Orange-Ton gehalten, der eine warme und freundliche Atmosph\u00e4re schafft.<br \/>\nDie Schale misst 10,5 x 10,5 x 4 cm und bietet damit genug Platz f\u00fcr eine Vielzahl von Utensilien.<br \/>\nDie Utensilienschale Emilia in Orange von Alassio eignet sich hervorragend als Geschenk f\u00fcr Freunde, Familie oder Kollegen und ist auch eine gro\u00dfartige Erg\u00e4nzung f\u00fcr jeden Schreibtisch oder Arbeitsbereich.<\/p>\n","protected":false},"excerpt":{"rendered":"<ul>\n<li>Stilvolle Schale aus orangefarbenem Lederimitat<\/li>\n<li>F\u00fcr Stifte, B\u00fcroklammern &#038; kleine Utensilien<\/li>\n<li>Robust und platzsparend<\/li>\n<li>Ma\u00dfe: 10,5 x 10,5 x 4 cm<\/li>\n<\/ul>\n","protected":false},"featured_media":10489,"template":"","meta":{"inline_featured_image":false},"product_brand":[],"product_cat":[1651],"product_tag":[],"class_list":{"0":"post-27576","1":"product","2":"type-product","3":"status-publish","4":"has-post-thumbnail","6":"product_cat-alassio","8":"first","9":"instock","10":"purchasable","11":"product-type-simple"},"_links":{"self":[{"href":"https:\/\/www.juescha.de\/de_de\/wp-json\/wp\/v2\/product\/27576","targetHints":{"allow":["GET"]}}],"collection":[{"href":"https:\/\/www.juescha.de\/de_de\/wp-json\/wp\/v2\/product"}],"about":[{"href":"https:\/\/www.juescha.de\/de_de\/wp-json\/wp\/v2\/types\/product"}],"version-history":[{"count":0,"href":"https:\/\/www.juescha.de\/de_de\/wp-json\/wp\/v2\/product\/27576\/revisions"}],"wp:featuredmedia":[{"embeddable":true,"href":"https:\/\/www.juescha.de\/de_de\/wp-json\/wp\/v2\/media\/10489"}],"wp:attachment":[{"href":"https:\/\/www.juescha.de\/de_de\/wp-json\/wp\/v2\/media?parent=27576"}],"wp:term":[{"taxonomy":"product_brand","embeddable":true,"href":"https:\/\/www.juescha.de\/de_de\/wp-json\/wp\/v2\/product_brand?post=27576"},{"taxonomy":"product_cat","embeddable":true,"href":"https:\/\/www.juescha.de\/de_de\/wp-json\/wp\/v2\/product_cat?post=27576"},{"taxonomy":"product_tag","embeddable":true,"href":"https:\/\/www.juescha.de\/de_de\/wp-json\/wp\/v2\/product_tag?post=27576"}],"curies":[{"name":"wp","href":"https:\/\/api.w.org\/{rel}","templated":true}]}}